{"id":15,"date":"2012-10-15T08:24:36","date_gmt":"2012-10-15T08:24:36","guid":{"rendered":"http:\/\/cotmec.wordpress.com\/?page_id=15"},"modified":"2023-03-24T09:51:01","modified_gmt":"2023-03-24T07:51:01","slug":"publications","status":"publish","type":"page","link":"https:\/\/cotmec.ch\/?page_id=15","title":{"rendered":"Publications"},"content":{"rendered":"<p>&nbsp;<\/p>\n<h3>Centre de r\u00e9flexion, la COTMEC diffusait ses analyses \u00e0 travers son journal mensuel (<a href=\"https:\/\/cotmec.ch\/?page_id=68\" target=\"_blank\" rel=\"noopener noreferrer\">voir la collection de la \u00ab\u00a0Feuille jaune\u00a0\u00bb<\/a>) et <a href=\"https:\/\/cotmec.ch\/?page_id=70\" target=\"_blank\" rel=\"noopener noreferrer\">des publications d\u00e9di\u00e9es<\/a> \u00e0 diff\u00e9rentes th\u00e9matiques prioritaires, notamment les relations Nord-Sud.<\/h3>\n<h3><\/h3>\n<p>&nbsp;<\/p>\n<p>&nbsp;<\/p>\n","protected":false},"excerpt":{"rendered":"<p>&nbsp; Centre de r\u00e9flexion, la COTMEC diffusait ses analyses \u00e0 travers son journal mensuel (voir la collection de la \u00ab\u00a0Feuille jaune\u00a0\u00bb) et des publications d\u00e9di\u00e9es \u00e0 diff\u00e9rentes th\u00e9matiques prioritaires, notamment les relations Nord-Sud. &nbsp; &nbsp;<\/p>\n","protected":false},"author":1,"featured_media":0,"parent":0,"menu_order":4,"comment_status":"closed","ping_status":"closed","template":"","meta":{"footnotes":""},"class_list":["post-15","page","type-page","status-publish","hentry"],"_links":{"self":[{"href":"https:\/\/cotmec.ch\/index.php?rest_route=\/wp\/v2\/pages\/15"}],"collection":[{"href":"https:\/\/cotmec.ch\/index.php?rest_route=\/wp\/v2\/pages"}],"about":[{"href":"https:\/\/cotmec.ch\/index.php?rest_route=\/wp\/v2\/types\/page"}],"author":[{"embeddable":true,"href":"https:\/\/cotmec.ch\/index.php?rest_route=\/wp\/v2\/users\/1"}],"replies":[{"embeddable":true,"href":"https:\/\/cotmec.ch\/index.php?rest_route=%2Fwp%2Fv2%2Fcomments&post=15"}],"version-history":[{"count":17,"href":"https:\/\/cotmec.ch\/index.php?rest_route=\/wp\/v2\/pages\/15\/revisions"}],"predecessor-version":[{"id":3815,"href":"https:\/\/cotmec.ch\/index.php?rest_route=\/wp\/v2\/pages\/15\/revisions\/3815"}],"wp:attachment":[{"href":"https:\/\/cotmec.ch\/index.php?rest_route=%2Fwp%2Fv2%2Fmedia&parent=15"}],"curies":[{"name":"wp","href":"https:\/\/api.w.org\/{rel}","templated":true}]}}