{"id":1776,"date":"2023-03-26T19:26:07","date_gmt":"2023-03-26T17:26:07","guid":{"rendered":"https:\/\/new.cotmec.ch\/?page_id=1776"},"modified":"2023-03-26T21:45:58","modified_gmt":"2023-03-26T19:45:58","slug":"plateforme-d-d","status":"publish","type":"page","link":"https:\/\/cotmec.ch\/?page_id=1776","title":{"rendered":"Plateforme Dignit\u00e9 &#038; D\u00e9veloppement"},"content":{"rendered":"<h2><a href=\"https:\/\/cotmec.ch\/wp-content\/uploads\/2018\/08\/Plateforme-DD.jpg\"><img loading=\"lazy\" decoding=\"async\" class=\"alignnone size-full wp-image-1854\" src=\"https:\/\/cotmec.ch\/wp-content\/uploads\/2018\/08\/Plateforme-DD.jpg\" alt=\"\" width=\"1920\" height=\"685\" srcset=\"https:\/\/cotmec.ch\/wp-content\/uploads\/2018\/08\/Plateforme-DD.jpg 1920w, https:\/\/cotmec.ch\/wp-content\/uploads\/2018\/08\/Plateforme-DD-300x107.jpg 300w, https:\/\/cotmec.ch\/wp-content\/uploads\/2018\/08\/Plateforme-DD-768x274.jpg 768w, https:\/\/cotmec.ch\/wp-content\/uploads\/2018\/08\/Plateforme-DD-1024x365.jpg 1024w\" sizes=\"(max-width: 1920px) 100vw, 1920px\" \/><\/a><\/h2>\n<h3><a href=\"https:\/\/dignitedeveloppement.ch\/\" target=\"_blank\" rel=\"noopener\">Lien \u00e0 la plateforme Dignit\u00e9 et D\u00e9veloppement<\/a><\/h3>\n<h3><\/h3>\n<h3>Annonce de l&rsquo;<strong>assembl\u00e9e g\u00e9n\u00e9rale pour le 2 juin 2021 \u00e0 18h:<\/strong> si les conditions sanitaires l&rsquo;autorisent, nous aurons le plaisir de nous retrouver \u00e0 la salle 101 du bd. de Grancy \u00e0 Lausanne.<\/h3>\n<h3><a href=\"https:\/\/cotmec.ch\/wp-content\/uploads\/2021\/05\/5News-2021Fev.pdf\" target=\"_blank\" rel=\"noopener noreferrer\">Newsletter 5\/2021<\/a><\/h3>\n<h2><a href=\"http:\/\/www.dignitedeveloppement.ch\/\" target=\"_blank\" rel=\"noopener noreferrer\">PLATEFORME DIGNITE &amp; DEVELOPPEMENT<\/a><\/h2>\n<h3>La plateforme Dignit\u00e9 et D\u00e9veloppement f\u00eate les 5 ans de Laudato si&rsquo;<\/h3>\n<h4><a href=\"https:\/\/cotmec.ch\/wp-content\/uploads\/2020\/05\/P-DiDe\u0301v-communique\u0301-202004.pdf\" target=\"_blank\" rel=\"noopener noreferrer\">Voici comment et quand?<\/a><\/h4>\n<h2><strong>Formation \u00e0 distance<\/strong><\/h2>\n<h3><a href=\"http:\/\/www.dignitedeveloppement.ch\/formation\/\" target=\"_blank\" rel=\"noopener noreferrer\">Formation \u2013 inscription<\/a><\/h3>\n<p><a href=\"http:\/\/www.cotmec.ch\/wp-content\/uploads\/2018\/12\/inscription.pdf\" target=\"_blank\" rel=\"noopener noreferrer\">Flyer programme<\/a><\/p>\n<p>Ethique sociale chr\u00e9tienne,<\/p>\n<p>Entreprise et finance,<\/p>\n<p>M\u00e9decine et soins,<\/p>\n<p>Territoire et \u00e9cologie,<\/p>\n<p>Communication et formation,<\/p>\n<p>Cit\u00e9 et politique,<\/p>\n<p>&nbsp;<\/p>\n","protected":false},"excerpt":{"rendered":"<p>Lien \u00e0 la plateforme Dignit\u00e9 et D\u00e9veloppement Annonce de l&rsquo;assembl\u00e9e g\u00e9n\u00e9rale pour le 2 juin 2021 \u00e0 18h: si les conditions sanitaires l&rsquo;autorisent, nous aurons le plaisir de nous retrouver \u00e0 la salle 101 du bd. de Grancy \u00e0 Lausanne. <a href=\"https:\/\/cotmec.ch\/?page_id=1776\" class=\"read-more\">Lire plus &#8230;<\/a><\/p>\n","protected":false},"author":5,"featured_media":0,"parent":0,"menu_order":0,"comment_status":"closed","ping_status":"closed","template":"","meta":{"footnotes":""},"class_list":["post-1776","page","type-page","status-publish","hentry"],"_links":{"self":[{"href":"https:\/\/cotmec.ch\/index.php?rest_route=\/wp\/v2\/pages\/1776"}],"collection":[{"href":"https:\/\/cotmec.ch\/index.php?rest_route=\/wp\/v2\/pages"}],"about":[{"href":"https:\/\/cotmec.ch\/index.php?rest_route=\/wp\/v2\/types\/page"}],"author":[{"embeddable":true,"href":"https:\/\/cotmec.ch\/index.php?rest_route=\/wp\/v2\/users\/5"}],"replies":[{"embeddable":true,"href":"https:\/\/cotmec.ch\/index.php?rest_route=%2Fwp%2Fv2%2Fcomments&post=1776"}],"version-history":[{"count":29,"href":"https:\/\/cotmec.ch\/index.php?rest_route=\/wp\/v2\/pages\/1776\/revisions"}],"predecessor-version":[{"id":4284,"href":"https:\/\/cotmec.ch\/index.php?rest_route=\/wp\/v2\/pages\/1776\/revisions\/4284"}],"wp:attachment":[{"href":"https:\/\/cotmec.ch\/index.php?rest_route=%2Fwp%2Fv2%2Fmedia&parent=1776"}],"curies":[{"name":"wp","href":"https:\/\/api.w.org\/{rel}","templated":true}]}}