{"id":1864,"date":"2025-06-27T07:15:06","date_gmt":"2025-06-27T05:15:06","guid":{"rendered":"https:\/\/new.cotmec.ch\/?page_id=1864"},"modified":"2025-06-27T18:48:04","modified_gmt":"2025-06-27T16:48:04","slug":"pv","status":"publish","type":"page","link":"https:\/\/cotmec.ch\/?page_id=1864","title":{"rendered":"Assembl\u00e9es g\u00e9n\u00e9rales"},"content":{"rendered":"<h3><a href=\"https:\/\/cotmec.ch\/wp-content\/uploads\/2025\/06\/PV-AG-Cotmec-de-cloture.pdf\" target=\"_blank\" rel=\"noopener\"><strong>PV de l&rsquo;a<\/strong>ssembl\u00e9e g\u00e9n\u00e9rale de cl\u00f4ture du 25 mars 2025<\/a><\/h3>\n<p><a href=\"https:\/\/cotmec.ch\/wp-content\/uploads\/2025\/06\/liste-livres-Cotmec-8-5-25.pdf\" target=\"_blank\" rel=\"noopener\">Liste de livres temporairement \u00e0 disposition<\/a><\/p>\n<h3><a href=\"https:\/\/cotmec.ch\/wp-content\/uploads\/2025\/02\/Lettre-AG-25.pdf\" target=\"_blank\" rel=\"noopener\"><strong>Ordre du jour de l&rsquo;assembl\u00e9e g\u00e9n\u00e9rale du 25 mars 2025<\/strong><\/a><\/h3>\n<h3><\/h3>\n<h3><a href=\"https:\/\/cotmec.ch\/wp-content\/uploads\/2024\/05\/PV-AG-du-3-mai-2024-si.pdf\" target=\"_blank\" rel=\"noopener\"><strong>PV de l&rsquo;assembl\u00e9e g\u00e9n\u00e9rale du 3 mai<\/strong><\/a><\/h3>\n<h3><a href=\"https:\/\/cotmec.ch\/wp-content\/uploads\/2024\/04\/AG-2024-Cotmec.pdf\" target=\"_blank\" rel=\"noopener\"><strong>Ordre du jour de l&rsquo;assembl\u00e9e g\u00e9n\u00e9rale<\/strong><\/a> du 3 mai 2024 avec Dominique Froidevaux<\/h3>\n<h3><strong><a href=\"https:\/\/cotmec.ch\/wp-content\/uploads\/2023\/04\/Ass.-Cotmec-PV-AG-2023.pdf\" target=\"_blank\" rel=\"noopener\">PV de l&rsquo;assembl\u00e9e g\u00e9n\u00e9rale du 21 mars 2023<\/a> avec l&rsquo;association Grands-parents pour le climat comme invit\u00e9e.<\/strong><\/h3>\n<h3><strong><a href=\"https:\/\/cotmec.ch\/wp-content\/uploads\/2023\/03\/AG-2022-PV.pdf\" target=\"_blank\" rel=\"noopener\">PV de l&rsquo;assembl\u00e9e g\u00e9n\u00e9rale du 27 avril 2022 <\/a>avec <\/strong><strong>l&rsquo;intervention de Fr\u00e9d\u00e9ric M\u00e9tral, charg\u00e9 du secteur \u00ab\u00a0\u00e9co\u00e9glise\u00a0\u00bb. <a href=\"https:\/\/cotmec.ch\/wp-content\/uploads\/2023\/03\/AG-Cotmec-27-avril-2022-rapport-activite.pdf\" target=\"_blank\" rel=\"noopener\">Lien au rapport d&rsquo;activit\u00e9<\/a><\/strong><\/h3>\n<h3><a href=\"https:\/\/cotmec.ch\/wp-content\/uploads\/2023\/03\/PV-de-lAG-Cotmec-du-2-avril-2019rv.pdf\" target=\"_blank\" rel=\"noopener noreferrer\">PV de l&rsquo;assembl\u00e9e g\u00e9n\u00e9rale du 2 avril 2019<\/a> avec l&rsquo;intervention de <strong>Mme A.-C. Men\u00e9trey<\/strong>: \u00ab\u00a0et si tout s&rsquo;effondre, que se passera-t-il demain?\u00a0\u00bb<\/h3>\n<h3><a href=\"https:\/\/cotmec.ch\/wp-content\/uploads\/2019\/04\/Rapport-AG-2018-PV.pdf\" target=\"_blank\" rel=\"noopener noreferrer\">PV de l\u2019assembl\u00e9e g\u00e9n\u00e9rale du 5 mars 2018, <\/a>conclue par une intervention de <strong>Ren\u00e9 Longet<\/strong>: sobri\u00e9t\u00e9 et d\u00e9croissance.<\/h3>\n<h3><a href=\"https:\/\/cotmec.ch\/wp-content\/uploads\/2019\/05\/PV-Malo-20.11.2017.pdf\" target=\"_blank\" rel=\"noopener\">PV de la rencontre avec <strong>Malo Kahamaile<\/strong> du 20 novembre 2017<\/a>, impression du Rwanda et de l\u2019Initiative de Gen\u00e8ve aujourd\u2019hui, brochure \u00ab\u00a0Des germes d\u2019esp\u00e9rance pour la vie sur la plan\u00e8te\u00a0\u00bb, plateforme Dignit\u00e9 &amp; D\u00e9veloppement.<\/h3>\n<h3><a href=\"https:\/\/cotmec.ch\/wp-content\/uploads\/2023\/03\/PV-AG-15-mai-2017.pdf\" target=\"_blank\" rel=\"noopener noreferrer\">PV de l&rsquo;assembl\u00e9e g\u00e9n\u00e9rale du 15 mai 2017,<\/a> <a href=\"https:\/\/cotmec.ch\/wp-content\/uploads\/2023\/03\/Rapport-2016-du-President-.pdf\" target=\"_blank\" rel=\"noopener\">compte rendu du pr\u00e9sident<\/a> et <a href=\"https:\/\/cotmec.ch\/wp-content\/uploads\/2023\/03\/Rapport-dactivite-2016.pdf\" target=\"_blank\" rel=\"noopener\">du groupe Ecospiritualit\u00e9<\/a>.<\/h3>\n<h3><a href=\"https:\/\/cotmec.ch\/wp-content\/uploads\/2023\/03\/PV.-Assemblee-generale-2016.pdf\" target=\"_blank\" rel=\"noopener\">PV de la 1\u00e8re assembl\u00e9e g\u00e9n\u00e9rale de l\u2019association Cotmec du 19 avril 2016<\/a>, lancement du livre \u00ab\u00a0TROP RICHES, TROP PAUVRES\u00a0\u00bb, nouvel axe de r\u00e9flexion de l\u2019association Cotmec: Ecospiritualit\u00e9 et sobri\u00e9t\u00e9 heureuse.<\/h3>\n","protected":false},"excerpt":{"rendered":"<p>PV de l&rsquo;assembl\u00e9e g\u00e9n\u00e9rale de cl\u00f4ture du 25 mars 2025 Liste de livres temporairement \u00e0 disposition Ordre du jour de l&rsquo;assembl\u00e9e g\u00e9n\u00e9rale du 25 mars 2025 PV de l&rsquo;assembl\u00e9e g\u00e9n\u00e9rale du 3 mai Ordre du jour de l&rsquo;assembl\u00e9e g\u00e9n\u00e9rale du <a href=\"https:\/\/cotmec.ch\/?page_id=1864\" class=\"read-more\">Lire plus &#8230;<\/a><\/p>\n","protected":false},"author":5,"featured_media":0,"parent":0,"menu_order":0,"comment_status":"closed","ping_status":"closed","template":"","meta":{"footnotes":""},"class_list":["post-1864","page","type-page","status-publish","hentry"],"_links":{"self":[{"href":"https:\/\/cotmec.ch\/index.php?rest_route=\/wp\/v2\/pages\/1864"}],"collection":[{"href":"https:\/\/cotmec.ch\/index.php?rest_route=\/wp\/v2\/pages"}],"about":[{"href":"https:\/\/cotmec.ch\/index.php?rest_route=\/wp\/v2\/types\/page"}],"author":[{"embeddable":true,"href":"https:\/\/cotmec.ch\/index.php?rest_route=\/wp\/v2\/users\/5"}],"replies":[{"embeddable":true,"href":"https:\/\/cotmec.ch\/index.php?rest_route=%2Fwp%2Fv2%2Fcomments&post=1864"}],"version-history":[{"count":24,"href":"https:\/\/cotmec.ch\/index.php?rest_route=\/wp\/v2\/pages\/1864\/revisions"}],"predecessor-version":[{"id":4988,"href":"https:\/\/cotmec.ch\/index.php?rest_route=\/wp\/v2\/pages\/1864\/revisions\/4988"}],"wp:attachment":[{"href":"https:\/\/cotmec.ch\/index.php?rest_route=%2Fwp%2Fv2%2Fmedia&parent=1864"}],"curies":[{"name":"wp","href":"https:\/\/api.w.org\/{rel}","templated":true}]}}