{"id":1875,"date":"2025-10-03T17:00:23","date_gmt":"2025-10-03T15:00:23","guid":{"rendered":"https:\/\/new.cotmec.ch\/?page_id=1875"},"modified":"2025-10-03T17:40:27","modified_gmt":"2025-10-03T15:40:27","slug":"acat","status":"publish","type":"page","link":"https:\/\/cotmec.ch\/?page_id=1875","title":{"rendered":"ACAT"},"content":{"rendered":"<h2><a href=\"http:\/\/acat.ch\/fr\" target=\"_blank\" rel=\"noopener noreferrer\">Lien vers ACAT<\/a><\/h2>\n<h2><strong>Appel urgent mai 2025<\/strong><\/h2>\n<h3>G\u00e9orgie: Pas de torture ni de r\u00e9pression des manifestations pacifiques!<\/h3>\n<h3><a href=\"https:\/\/cotmec.ch\/wp-content\/uploads\/2025\/10\/AaA2025-09_DA_Georgien_Letter-of-intervention.docx\" target=\"_blank\" rel=\"noopener\">Lettre \u00e0 envoyer avant le 15 octobre 2025<\/a><\/h3>\n<h2><a href=\"https:\/\/cotmec.ch\/wp-content\/uploads\/2025\/10\/Georgie-explications-cas.pdf\" target=\"_blank\" rel=\"noopener\">Explication cas G\u00e9orgie<\/a><\/h2>\n<h2><strong>Appel urgent avril 2025<\/strong><\/h2>\n<h3><strong>Femmes d\u2019Afghanistan: Brisez le silence<\/strong><\/h3>\n<h3><a href=\"https:\/\/cotmec.ch\/wp-content\/uploads\/2025\/03\/Afghanistan-letter_EN.docx\" target=\"_blank\" rel=\"noopener\"><strong>Lettres \u00e0 envoyer avant le 15 mai 2025<\/strong><\/a><\/h3>\n<h3><a href=\"https:\/\/cotmec.ch\/wp-content\/uploads\/2025\/03\/Explication-des-cas.pdf\" target=\"_blank\" rel=\"noopener\">Explication<\/a><\/h3>\n<h3><a href=\"https:\/\/cotmec.ch\/wp-content\/uploads\/2025\/03\/Agir-avec-lACAT-2025-04.pdf\" target=\"_blank\" rel=\"noopener\">Agir avec l&rsquo;ACAT no 2 avril 2025<\/a><\/h3>\n<h2><strong>Appel urgent janvier 2025<\/strong><\/h2>\n<h3><strong>Togo: garantir \u00e0 M. Oumolou une proc\u00e9dure p\u00e9nale prompte et impartiale.<\/strong><br \/>\n<a href=\"https:\/\/cotmec.ch\/wp-content\/uploads\/2025\/02\/Acat-01-2025-description.pdf\" target=\"_blank\" rel=\"noopener\">Description du cas<\/a><\/h3>\n<h3><a href=\"https:\/\/cotmec.ch\/wp-content\/uploads\/2025\/02\/AaA_2025-01_AU_Togo_Oumolou_Lettre_FR.docx\" target=\"_blank\" rel=\"noopener\"><strong>Lettres \u00e0 envoyer avant le 1er mars 2025<\/strong><\/a><\/h3>\n<h3><strong><a href=\"https:\/\/cotmec.ch\/wp-content\/uploads\/2025\/02\/Agir-avec-lACAT-2025-01.pdf\" target=\"_blank\" rel=\"noopener\">Agir avec l&rsquo;ACAT no 1 &#8211; janvier 2025<\/a><\/strong><\/h3>\n<p>&nbsp;<\/p>\n<h2><strong>Appel urgent novembre 2024<\/strong><\/h2>\n<h3>R\u00e9publique d\u00e9mocratique du Congo (RDC). <strong>Le retour aux ex\u00e9cutions ne doit pas \u00eatre tol\u00e9r\u00e9!<\/strong><br \/>\nDepuis le 13 mars 2024, les condamn\u00e9s \u00e0 mort peuvent \u00e0 nouveau \u00eatre ex\u00e9cut\u00e9s en R\u00e9publique d\u00e9mocratique du Congo (RDC). Il s\u2019agit d\u2019un recul dramatique en mati\u00e8re de droits humains, car cela faisait plus de 20 ans qu\u2019il n\u2019y avait plus d\u2019ex\u00e9cutions dans ce pays.<br \/>\n<a href=\"https:\/\/cotmec.ch\/wp-content\/uploads\/2024\/11\/Lettre-dintervention-RDC-nov-2024.docx\" target=\"_blank\" rel=\"noopener\">Lettres \u00e0 envoyer avant le 20<\/a> janvier 2025. <a href=\"https:\/\/cotmec.ch\/wp-content\/uploads\/2024\/11\/Explication-RDC.pdf\" target=\"_blank\" rel=\"noopener\">Explications ici.<\/a><\/h3>\n<h3><a href=\"https:\/\/cotmec.ch\/wp-content\/uploads\/2024\/11\/Agir-avec-lACAT-2024-11.pdf\" target=\"_blank\" rel=\"noopener\">Agir avec l&rsquo;ACAT no 5 &#8211; novembre 2024<\/a><\/h3>\n<p>&nbsp;<\/p>\n<h2><strong>Appel urgent septembre 2024<\/strong><\/h2>\n<h3>Arabie saoudite &#8211; Risque d\u2019exe\u0301cution imminente d&rsquo;Abdullah al-Derazi et Youssef al-Manasif<\/h3>\n<h3><a href=\"https:\/\/cotmec.ch\/wp-content\/uploads\/2024\/09\/Sept.-2024_Urgent-Appeal-Saudi-Arabia_ACAT.docx\" target=\"_blank\" rel=\"noopener\">Lettre \u00e0 envoyer avant le 15 octobre<\/a><\/h3>\n<h3><a href=\"https:\/\/cotmec.ch\/wp-content\/uploads\/2024\/09\/Appel-urgent-septembre-2024.pdf\" target=\"_blank\" rel=\"noopener\">Explication des cas<\/a><\/h3>\n<h3><a href=\"https:\/\/cotmec.ch\/wp-content\/uploads\/2024\/09\/Agir-avec-lACAT-2024-09.pdf\" target=\"_blank\" rel=\"noopener\">Agir avec l&rsquo;ACAT no 4 septembre 2024<\/a><\/h3>\n<h2><strong>Appel urgent ao\u00fbt 2024<\/strong><\/h2>\n<h3><strong>Isra\u00ebl &#8211; Sde Teiman: l\u2019horreur du \u00abGuantanamo israe\u0301lien\u00bb<\/strong><\/h3>\n<h3><a href=\"https:\/\/cotmec.ch\/wp-content\/uploads\/2024\/08\/2024-08_Urgent-Appeal_Letter-of-intervention_ENG.docx\"><strong>Lettre \u00e0 envoyer avant le 15 septembre<\/strong><\/a><\/h3>\n<h3><a href=\"https:\/\/cotmec.ch\/wp-content\/uploads\/2024\/08\/2024-08_Appel-urgent_Israel_Sde-Teiman_Descripti-f-du-cas_FR.pdf\" target=\"_blank\" rel=\"noopener\"><strong>Motif<\/strong><\/a><\/h3>\n<p>&nbsp;<\/p>\n<h3><a href=\"https:\/\/cotmec.ch\/wp-content\/uploads\/2024\/06\/Agir-avec-lACAT-2024-06.pdf\" target=\"_blank\" rel=\"noopener\"><strong>Agir avec l&rsquo;ACAT no 3 &#8211; juin 2024<\/strong><\/a><\/h3>\n<h2><strong>Appel urgent juin 2024<\/strong><\/h2>\n<h3><strong>Soudan du Sud &#8211; Morris Mabior Awikjok Bak doit \u00eatre lib\u00e9r\u00e9!<\/strong><\/h3>\n<h3><a href=\"https:\/\/cotmec.ch\/wp-content\/uploads\/2024\/06\/AaA2024-06_Urgent-appeal_South-Sudan_Letter-of-intervention_ENG.docx\" target=\"_blank\" rel=\"noopener\">Lettre \u00e0 envoyer avant le 15\u00a0 juillet 2024<\/a><\/h3>\n<h3><a href=\"https:\/\/cotmec.ch\/wp-content\/uploads\/2024\/06\/Description-Soudan-du-Sud.pdf\" target=\"_blank\" rel=\"noopener\">Description du cas Morris Mabior<\/a><\/h3>\n<p>&nbsp;<\/p>\n<h3><strong><a href=\"https:\/\/cotmec.ch\/wp-content\/uploads\/2024\/05\/Agir-avec-lACAT-2024-04.pdf\" target=\"_blank\" rel=\"noopener\">Agir avec l&rsquo;ACAT no 2 &#8211; avril 2024<\/a><\/strong><\/h3>\n<h2><strong>Appel urgent mars 2024<\/strong><\/h2>\n<h3><strong>Syrie &#8211; Qu&rsquo;est-il advenu de Fidaa Mohammad Qassem?<\/strong><\/h3>\n<h3><strong><a href=\"https:\/\/cotmec.ch\/wp-content\/uploads\/2024\/03\/AaA-2024-03_Appel-urgent_Syrie_Letter-of-intervention_ENG.docx\" target=\"_blank\" rel=\"noopener\">Lettre \u00e0 envoyer par e-mail<\/a> avant le 1er avril 2024<\/strong><\/h3>\n<h3><strong><a href=\"https:\/\/cotmec.ch\/wp-content\/uploads\/2024\/03\/Mars-24-comment-proceder.pdf\" target=\"_blank\" rel=\"noopener\">Comment proc\u00e9der?<\/a><\/strong><\/h3>\n<h3><strong><a href=\"https:\/\/cotmec.ch\/wp-content\/uploads\/2024\/03\/Agir-avec-lACAT-2024-03.pdf\" target=\"_blank\" rel=\"noopener\">Agir avec l&rsquo;ACAT no 1 &#8211; mars 2024<\/a><\/strong><\/h3>\n<h2><strong>Appel urgent janvier 2024<\/strong><\/h2>\n<div class=\"page\" title=\"Page 1\">\n<div class=\"layoutArea\">\n<div class=\"column\">\n<h3><strong>Pologne \u2013 journaliste en de\u0301tention provisoire abusive<\/strong><\/h3>\n<h3><a href=\"https:\/\/cotmec.ch\/wp-content\/uploads\/2024\/01\/2024-01_DA_Pologne_Pablo-Gonzales_Letter-of-intervention_ENG.docx\" target=\"_blank\" rel=\"noopener\"><strong>Lettre \u00e0 envoyer avant le 15 f\u00e9vrier 2024<\/strong><\/a><\/h3>\n<h3><a href=\"https:\/\/cotmec.ch\/wp-content\/uploads\/2024\/01\/2024-01_DA_Pologne_Pablo-Gonzales_Descriptif-du-cas_FR.pdf\" target=\"_blank\" rel=\"noopener\"><strong>Description du cas<\/strong><\/a><\/h3>\n<\/div>\n<\/div>\n<\/div>\n<h2><strong>Appel urgent novembre 2023<\/strong><\/h2>\n<h3><strong>Cameroun &#8211; deux ex\u00e9cutions sommaires<\/strong><\/h3>\n<h3><strong><a href=\"https:\/\/cotmec.ch\/wp-content\/uploads\/2023\/12\/2023-11_AU-Cameroun_lettre-dintervention-FR.docx\" target=\"_blank\" rel=\"noopener\">Lettre \u00e0 envoyer avant le 15 janvier 2024<\/a><\/strong><\/h3>\n<h3><a href=\"https:\/\/cotmec.ch\/wp-content\/uploads\/2023\/12\/Agir-avec-lACAT_2023-11.pdf\" target=\"_blank\" rel=\"noopener\"><strong>Description du cas<\/strong><\/a><\/h3>\n<h2><strong>Appel urgent ao\u00fbt 2023<\/strong><\/h2>\n<h3><strong>Russie &#8211; Condamnation arbitraire et soins refus\u00e9s <\/strong><\/h3>\n<h3><a href=\"https:\/\/cotmec.ch\/wp-content\/uploads\/2023\/08\/2023-09_AU_Irina-Danilovitch_Russie_Letter-of-intervention_ENG.docx\" target=\"_blank\" rel=\"noopener\"><strong>Lettre \u00e0 envoyer avant le 10 septembre<\/strong><\/a><\/h3>\n<h3><a href=\"https:\/\/cotmec.ch\/wp-content\/uploads\/2023\/08\/2023-09_AU_Irina-Danilovitch_Russie_Descriptif-du-cas_FR.pdf\" target=\"_blank\" rel=\"noopener\"><strong>Description du cas<\/strong><\/a><\/h3>\n<h2><strong>Appel urgent juillet 2023<\/strong><\/h2>\n<h3><strong>Mexique &#8211; un proc\u00e8s d\u00e9cisif pour Vero\u0301nica Razo Casales<\/strong><\/h3>\n<h3><a href=\"https:\/\/cotmec.ch\/wp-content\/uploads\/2023\/07\/2023-07_Veronica-Razo-Casales_Mexico_Carta-ES.docx\" target=\"_blank\" rel=\"noopener\"><strong>Lettre \u00e0 envoyer avant le 10 ao\u00fbt<\/strong><\/a><\/h3>\n<h3><a href=\"https:\/\/cotmec.ch\/wp-content\/uploads\/2023\/07\/2023-07_AU_Veronica-Razo-Casales_Mexique_Descriptif-du-cas_FR.pdf\" target=\"_blank\" rel=\"noopener\"><strong>Description du cas<\/strong><\/a><\/h3>\n<h2>Appel urgent mai 2023<\/h2>\n<h3><strong>Cambodge &#8211; Assignation \u00e0 r\u00e9sidence pour des motifs politiques<\/strong><\/h3>\n<h3><a href=\"https:\/\/cotmec.ch\/wp-content\/uploads\/2023\/05\/Letter-Kem-Sokha-Cambodia-2023-05-1.pdf\" target=\"_blank\" rel=\"noopener\"><strong>Lettres \u00e0 envoyer avant le 22 mai<\/strong><\/a><\/h3>\n<h3><a href=\"https:\/\/cotmec.ch\/wp-content\/uploads\/2023\/05\/Appel-urgent-Kem-Sohka_Cambodge_Info-mai-2023-1.pdf\" target=\"_blank\" rel=\"noopener\"><strong>Description du cas<\/strong><\/a><\/h3>\n<h2><strong>Appel urgent avril 2023<\/strong><\/h2>\n<h3><strong>Myanmar &#8211; r\u00e9introduction de la peine de mort apr\u00e8s 35 ans<\/strong><\/h3>\n<h3><strong><a href=\"https:\/\/cotmec.ch\/wp-content\/uploads\/2023\/04\/2023-04_AU_Myanmar_Letter-of-intervention-ENG.pdf\" target=\"_blank\" rel=\"noopener\">Lettres \u00e0 envoyer avant le 27 avril<\/a><\/strong><\/h3>\n<h3><a href=\"https:\/\/cotmec.ch\/wp-content\/uploads\/2023\/04\/Appel-urgent-avril-2023-Myanmar.pdf\"><strong>Descriptif de l&rsquo;appel<\/strong><\/a><\/h3>\n<h3><strong><a href=\"https:\/\/cotmec.ch\/wp-content\/uploads\/2023\/04\/Agir-avec-lACAT_2023-04.pdf\" target=\"_blank\" rel=\"noopener\">Agir avec l&rsquo;ACAT no 2 &#8211; avril 2023<\/a><\/strong><\/h3>\n<h2><strong>Appel urgent mars 2023<\/strong><\/h2>\n<h3><strong>Soudan du sud &#8211; un d\u00e9fenseur des droits humains en danger de mort<\/strong><\/h3>\n<h3><a href=\"https:\/\/cotmec.ch\/wp-content\/uploads\/2023\/03\/2023-03_AU_Morris-Mabior-Awikjok-Bak_Soudan-du-Sud_Lettre-dintervention_ENG.docx\" target=\"_blank\" rel=\"noopener\"><strong>Lettre \u00e0 envoyer avant le 4 avril 2023<\/strong><\/a><\/h3>\n<h3><a href=\"https:\/\/cotmec.ch\/wp-content\/uploads\/2023\/03\/2023-03_AU_Morris-Mabior-Awikjok-Bak_Soudan-du-Sud_Descriptif-du-cas_FR.pdf\" target=\"_blank\" rel=\"noopener\"><strong>Descriptif du cas<\/strong><\/a><\/h3>\n<h3><a href=\"https:\/\/cotmec.ch\/wp-content\/uploads\/2023\/03\/Agir-avec-lACAT_2023-01.pdf\" target=\"_blank\" rel=\"noopener\">Agir avec l&rsquo;ACAT NO 1 &#8211; JANVIER 2023<\/a><\/h3>\n<h2><strong>Appel urgent janvier 2023<\/strong><\/h2>\n<h3><strong>Iran: Ex\u00e9cution possible de 25 personnes<\/strong><\/h3>\n<h2><strong>Appel urgent novembre 2022<\/strong><\/h2>\n<h3><strong>RDC: Condamnation \u00e0 mort<\/strong><\/h3>\n<h2><strong>Appel urgent septembre 2022<\/strong><\/h2>\n<h3><strong>Mexique: un d\u00e9fenseur des droits humains harcel\u00e9s par les autorit\u00e9s.<\/strong><\/h3>\n<h2><strong>Appel urgent ao\u00fbt 2022<\/strong><\/h2>\n<h3><strong>Isra\u00ebl: d\u00e9tention administrative \u00e0 dur\u00e9e ind\u00e9termin\u00e9e, sans inculpation ni jugement.<\/strong><\/h3>\n<h2><strong>Appel urgent juillet 2022<\/strong><\/h2>\n<div class=\"page\" title=\"Page 1\">\n<div class=\"layoutArea\">\n<div class=\"column\">\n<h3><strong>Pologne: Demande d&rsquo;appliquer le respect des obligations et des engagements internationaux a\u0300 toutes les personnes en situation de migration.<\/strong><\/h3>\n<\/div>\n<\/div>\n<\/div>\n<h2><strong>Appel urgent juin 2022<\/strong><\/h2>\n<h4><strong>Proc\u00e9dures p\u00e9nales contre des d\u00e9fenseurs des droits humains au V\u00e9n\u00e9zu\u00e9la<\/strong><\/h4>\n<h2><strong>Appel urgent mai 2022<\/strong><\/h2>\n<h3><strong>Soutien au prisonnier politique togolais Jean-Paul Oumolou<\/strong><\/h3>\n<h2><strong>P\u00e9tition pour la B\u00e9larus<\/strong>: libert\u00e9 pour les prisonniers et prisonni\u00e8res politiques.<\/h2>\n<h2><strong>Appel urgent mars 2022<\/strong><\/h2>\n<h3><strong>Lo Thi Hoa condamn\u00e9e \u00e0 mort au Vietnam<\/strong><\/h3>\n<h2><strong>Appel urgent janvier 2022<\/strong><\/h2>\n<h3><strong>Abdullah Ibhais et les conditions de travail au Qatar.<\/strong><\/h3>\n<h2><strong>Appel urgent d\u00e9cembre 2021<\/strong><\/h2>\n<h3><strong>La journaliste Zhang Zhan risque de mourir en prison.<\/strong><strong>Appel urgent novembre 2021<\/strong><\/h3>\n<h3><strong>30 ans de prison pour avoir prot\u00e9g\u00e9 l&rsquo;environnement.<\/strong><\/h3>\n<h2><strong>Appel urgent octobre 2021<\/strong><\/h2>\n<h3><strong>RDC: justice et r\u00e9paration pour les victimes de Kisangani.<\/strong><\/h3>\n<h2><strong>Appel urgent juin 2021<\/strong><\/h2>\n<h3><strong>Colombie<\/strong>: r\u00e9pression sanglantes de manifestants<\/h3>\n<h2><strong>Appel urgent mai 2021<\/strong><\/h2>\n<h3><strong>Cameroun<\/strong>: D\u00e9tention arbitraire d&rsquo;un militant pacifique<\/h3>\n<h2><strong>Appel urgent f\u00e9vrier 2021<\/strong><\/h2>\n<h3><strong>B\u00e9larus: r\u00e9pression f\u00e9roce contre les d\u00e9fenseurs des droits humains.<\/strong><\/h3>\n<h2><strong>Appel urgent d\u00e9cembre 2020<\/strong><\/h2>\n<h4><strong>Haut-Karabakh: durant le conflit entre l\u2019Azerba\u00efdjan et l\u2019Arm\u00e9nie, de graves exactions semblent avoir \u00e9t\u00e9 commises \u00e0 l\u2019encontre de la communaut\u00e9 arm\u00e9nienne du Haut-Karabakh, en grande majorit\u00e9 chr\u00e9tienne.<\/strong><\/h4>\n<h2><strong>Appel urgent novembre 2020<\/strong><\/h2>\n<h4><strong>Syrie: \u00ab\u00a0disparu\u00a0\u00bb pour engagement en faveur des droits humains.<\/strong><\/h4>\n<h4><strong>Militants sahraouis d\u00e9tenus arbitrairement depuis 10 ans.<\/strong><\/h4>\n<h2>Appel urgent octobre 2020<\/h2>\n<h4><strong>Argentin emprisonn\u00e9 en Bolivie : sa sant\u00e9 se d\u00e9grade.<\/strong><\/h4>\n<h2><strong>Appel urgent juin 2020<\/strong><\/h2>\n<h3>&#8211; Refoulement des r\u00e9fugi\u00e9s en Croatie<\/h3>\n<h3>&#8211; Des enfants en prison aux Philippines<\/h3>\n<h2><strong>Appel urgent janvier 2020<\/strong><\/h2>\n<h4><strong>Un mineur condamn\u00e9 \u00e0 mort au Soudan du Sud.<\/strong><\/h4>\n<h2><strong>Appel urgent novembre 2019<\/strong><\/h2>\n<h4><strong>Des chr\u00e9tiens poursuivis pour de soi-disant blasph\u00e8mes.<\/strong><\/h4>\n<h4><strong>Disparition forc\u00e9e d&rsquo;une ressortissante ou\u00efghoure au Xinjiang<\/strong><\/h4>\n<h2><strong>Appel urgent octobre 2019<\/strong><\/h2>\n<h3>Demande de suppression de la peine de mort au Japon.<\/h3>\n<h2><strong>Appel urgent janvier 2019<\/strong>,<\/h2>\n<h3><a href=\"http:\/\/www.acat.ch\/fr\/\" target=\"_blank\" rel=\"noopener noreferrer\">Le lien vers ACAT. <\/a><\/h3>\n<p>&nbsp;<\/p>\n","protected":false},"excerpt":{"rendered":"<p>Lien vers ACAT Appel urgent mai 2025 G\u00e9orgie: Pas de torture ni de r\u00e9pression des manifestations pacifiques! Lettre \u00e0 envoyer avant le 15 octobre 2025 Explication cas G\u00e9orgie Appel urgent avril 2025 Femmes d\u2019Afghanistan: Brisez le silence Lettres \u00e0 envoyer <a href=\"https:\/\/cotmec.ch\/?page_id=1875\" class=\"read-more\">Lire plus &#8230;<\/a><\/p>\n","protected":false},"author":5,"featured_media":0,"parent":0,"menu_order":0,"comment_status":"closed","ping_status":"closed","template":"","meta":{"footnotes":""},"class_list":["post-1875","page","type-page","status-publish","hentry"],"_links":{"self":[{"href":"https:\/\/cotmec.ch\/index.php?rest_route=\/wp\/v2\/pages\/1875"}],"collection":[{"href":"https:\/\/cotmec.ch\/index.php?rest_route=\/wp\/v2\/pages"}],"about":[{"href":"https:\/\/cotmec.ch\/index.php?rest_route=\/wp\/v2\/types\/page"}],"author":[{"embeddable":true,"href":"https:\/\/cotmec.ch\/index.php?rest_route=\/wp\/v2\/users\/5"}],"replies":[{"embeddable":true,"href":"https:\/\/cotmec.ch\/index.php?rest_route=%2Fwp%2Fv2%2Fcomments&post=1875"}],"version-history":[{"count":109,"href":"https:\/\/cotmec.ch\/index.php?rest_route=\/wp\/v2\/pages\/1875\/revisions"}],"predecessor-version":[{"id":5017,"href":"https:\/\/cotmec.ch\/index.php?rest_route=\/wp\/v2\/pages\/1875\/revisions\/5017"}],"wp:attachment":[{"href":"https:\/\/cotmec.ch\/index.php?rest_route=%2Fwp%2Fv2%2Fmedia&parent=1875"}],"curies":[{"name":"wp","href":"https:\/\/api.w.org\/{rel}","templated":true}]}}