{"id":1881,"date":"2023-11-10T11:04:19","date_gmt":"2023-11-10T09:04:19","guid":{"rendered":"https:\/\/new.cotmec.ch\/?page_id=1881"},"modified":"2023-11-10T22:26:05","modified_gmt":"2023-11-10T20:26:05","slug":"pape-francois","status":"publish","type":"page","link":"https:\/\/cotmec.ch\/?page_id=1881","title":{"rendered":"Pape Fran\u00e7ois"},"content":{"rendered":"<h3><a href=\"http:\/\/vaticannews.va\/fr\" target=\"_blank\" rel=\"noopener noreferrer\"><strong>Lien vers les infos du Vatican<\/strong><\/a><\/h3>\n<h3><a href=\"https:\/\/cotmec.ch\/wp-content\/uploads\/2023\/11\/Priere-COP-28.pdf\" target=\"_blank\" rel=\"noopener\"><strong>Pri\u00e8re pour la COP 28<\/strong><\/a><strong>\u00a0<\/strong>\u00a0 (30 novembre au 13 d\u00e9cembre 2023)<\/h3>\n<h3><strong><a href=\"https:\/\/www.vaticannews.va\/fr\/podcast\/fratelli-tutti-lecture-audio-francais.html\" target=\"_blank\" rel=\"noopener noreferrer\">Fratelli tutti: \u00e9couter l&rsquo;encyclique en podcast &#8211; 18 \u00e9pisodes.<\/a><\/strong><\/h3>\n<h4><a href=\"https:\/\/cotmec.ch\/wp-content\/uploads\/2021\/02\/papa-francesco_20201003_enciclica-fratelli-tutti.pdf\" target=\"_blank\" rel=\"noopener noreferrer\">T\u00e9l\u00e9charger la lettre Encyclique: \u00ab\u00a0Fratelli tutti\u00a0\u00bb<\/a> sur la fraternit\u00e9 et l\u2019amiti\u00e9 sociale.<\/h4>\n<h3><a href=\"https:\/\/cotmec.ch\/wp-content\/uploads\/2020\/12\/Home\u0301lie-de-la-nuit-de-Noe\u0308l-2020.pdf\" target=\"_blank\" rel=\"noopener noreferrer\"><strong>Hom\u00e9lie de la veill\u00e9e de No\u00ebl 2020<\/strong><\/a><\/h3>\n<h3>Fratelli tutti encyclique 3 octobre 2020<\/h3>\n<div class=\"page\" title=\"Page 1\">\n<div class=\"section\">\n<div class=\"layoutArea\">\n<div class=\"column\">\n<h4>aimer l\u2019autre \u00ab autant lorsqu\u2019il serait loin de lui comme quand il serait avec lui \u00bb<\/h4>\n<\/div>\n<\/div>\n<\/div>\n<\/div>\n<h3>Le pape invite de jeunes entrepreneurs \u00e0 Assise en novembre 2020, pour r\u00e9volutionner l&rsquo;\u00e9conomie:\u00a0 Un pacte pour changer l&rsquo;\u00e9conomie actuelle. (Report\u00e9 de mars \u00e0 novembre suite au Covid-19 virus.)<\/h3>\n<h3><a href=\"https:\/\/cotmec.ch\/wp-content\/uploads\/2020\/02\/LETTRE-DU-PAPE-FRANC\u0327OIS-.pdf\" target=\"_blank\" rel=\"noopener noreferrer\">Lettre aux jeunes \u00e9conomistes&#8230;<\/a><\/h3>\n<h3><\/h3>\n<h3><a href=\"https:\/\/cotmec.ch\/wp-content\/uploads\/2019\/04\/papa-francesco_20180820_lettera-popolo-didio.pdf\" target=\"_blank\" rel=\"noopener noreferrer\">Lettre au peuple de Dieu, 20 ao\u00fbt 2018<\/a><\/h3>\n<h3><a href=\"https:\/\/cotmec.ch\/wp-content\/uploads\/2018\/06\/Messe-Palexpo.jpg\"><img loading=\"lazy\" decoding=\"async\" class=\"alignnone size-full wp-image-1742\" src=\"https:\/\/cotmec.ch\/wp-content\/uploads\/2018\/06\/Messe-Palexpo.jpg\" alt=\"\" width=\"692\" height=\"622\" srcset=\"https:\/\/cotmec.ch\/wp-content\/uploads\/2018\/06\/Messe-Palexpo.jpg 692w, https:\/\/cotmec.ch\/wp-content\/uploads\/2018\/06\/Messe-Palexpo-300x270.jpg 300w\" sizes=\"(max-width: 692px) 100vw, 692px\" \/><\/a><\/h3>\n<h3><strong>HOMELIE DU PAPE FRAN\u00c7OIS LORS DE LA MESSE A PALEXPO GEN\u00c8VE le 21 juin 2018: <\/strong><\/h3>\n<h3>lien vers l\u2019hom\u00e9lie<strong><br \/>\n<\/strong><\/h3>\n<h3><a href=\"https:\/\/cotmec.ch\/wp-content\/uploads\/2018\/05\/Laudato-si_files_encyclique-2015.pdf\" target=\"_blank\" rel=\"noopener noreferrer\">lien vers \u00ab\u00a0Laudato si'\u00a0\u00bb<\/a><\/h3>\n<h3><\/h3>\n<p>&nbsp;<\/p>\n","protected":false},"excerpt":{"rendered":"<p>Lien vers les infos du Vatican Pri\u00e8re pour la COP 28\u00a0\u00a0 (30 novembre au 13 d\u00e9cembre 2023) Fratelli tutti: \u00e9couter l&rsquo;encyclique en podcast &#8211; 18 \u00e9pisodes. T\u00e9l\u00e9charger la lettre Encyclique: \u00ab\u00a0Fratelli tutti\u00a0\u00bb sur la fraternit\u00e9 et l\u2019amiti\u00e9 sociale. Hom\u00e9lie de <a href=\"https:\/\/cotmec.ch\/?page_id=1881\" class=\"read-more\">Lire plus &#8230;<\/a><\/p>\n","protected":false},"author":5,"featured_media":0,"parent":0,"menu_order":0,"comment_status":"closed","ping_status":"closed","template":"","meta":{"footnotes":""},"class_list":["post-1881","page","type-page","status-publish","hentry"],"_links":{"self":[{"href":"https:\/\/cotmec.ch\/index.php?rest_route=\/wp\/v2\/pages\/1881"}],"collection":[{"href":"https:\/\/cotmec.ch\/index.php?rest_route=\/wp\/v2\/pages"}],"about":[{"href":"https:\/\/cotmec.ch\/index.php?rest_route=\/wp\/v2\/types\/page"}],"author":[{"embeddable":true,"href":"https:\/\/cotmec.ch\/index.php?rest_route=\/wp\/v2\/users\/5"}],"replies":[{"embeddable":true,"href":"https:\/\/cotmec.ch\/index.php?rest_route=%2Fwp%2Fv2%2Fcomments&post=1881"}],"version-history":[{"count":33,"href":"https:\/\/cotmec.ch\/index.php?rest_route=\/wp\/v2\/pages\/1881\/revisions"}],"predecessor-version":[{"id":4665,"href":"https:\/\/cotmec.ch\/index.php?rest_route=\/wp\/v2\/pages\/1881\/revisions\/4665"}],"wp:attachment":[{"href":"https:\/\/cotmec.ch\/index.php?rest_route=%2Fwp%2Fv2%2Fmedia&parent=1881"}],"curies":[{"name":"wp","href":"https:\/\/api.w.org\/{rel}","templated":true}]}}