{"id":1893,"date":"2022-05-01T07:16:54","date_gmt":"2022-05-01T05:16:54","guid":{"rendered":"https:\/\/new.cotmec.ch\/?page_id=1893"},"modified":"2024-10-30T11:25:58","modified_gmt":"2024-10-30T09:25:58","slug":"themes-2","status":"publish","type":"page","link":"https:\/\/cotmec.ch\/?page_id=1893","title":{"rendered":"Th\u00e8mes"},"content":{"rendered":"<h2>Synode: par notre dioc\u00e8se LGF nous \u00e9tions invit\u00e9s \u00e0 participer au processus synodal: \u00ab\u00a0rejoindre et \u00e9couter 2021-2023\u00a0\u00bb.<\/h2>\n<h3><a href=\"https:\/\/cotmec.ch\/wp-content\/uploads\/2022\/05\/Synode-re\u0301ponse-Cotmec.pdf\" target=\"_blank\" rel=\"noopener noreferrer\">Voici notre contribution.<\/a><\/h3>\n<p>&nbsp;<\/p>\n<h2><a href=\"https:\/\/cotmec.ch\/wp-content\/uploads\/2021\/08\/FX-Amherdt-Ecospi.pdf\" target=\"_blank\" rel=\"noopener noreferrer\">Eco-spiritualit\u00e9 int\u00e9grale<\/a><\/h2>\n<h3>F.X. Amherdt lance 10 appels pour une \u00e9co-spiritualit\u00e9 int\u00e9grale inspir\u00e9e de l\u2019encyclique \u00ab\u00a0Laudato si&rsquo;\u00bb du pape Fran\u00e7ois.<\/h3>\n<h2><strong>La sobri\u00e9t\u00e9 joyeuse au ch\u00e2teau de Bossey 2019 <\/strong><\/h2>\n<h3>Pour la troisi\u00e8me fois, le \u00ab\u00a0laboratoire de transition int\u00e9rieure\u00a0\u00bb, \u00e9tabli par <em>Pain pour le prochain <\/em>et d\u00e9sormais \u00e9galement soutenu par l<em>\u2019Action de Car\u00eame<\/em>, organisait, du 3 au 5 mai, une rencontre d\u2019\u00e9cospiritualit\u00e9 au ch\u00e2teau de Bossey, si\u00e8ge de l\u2019Institut \u0153cum\u00e9nique. Th\u00e8me\u00a0: <em>La sobri\u00e9t\u00e9 joyeuse <\/em>(pas vraiment en ad\u00e9quation avec le confort du lieu\u2026).<\/h3>\n<h3>Plusieurs membres de la <em>Cotmec<\/em> ont particip\u00e9 \u00e0 la rencontre d&rsquo;une bonne quarantaine de personnes, dont des \u00e9tudiants lausannois emmen\u00e9s par Xavier Gravend-Tirole, aum\u00f4nier catholique \u00e0 l\u2019EPFL, charg\u00e9 de moments de m\u00e9ditation et de c\u00e9l\u00e9bration. Nos amies de <em>l\u2019Action de Car\u00eame<\/em>, H\u00e9l\u00e8ne Bourban (<em>ex-Cotmec<\/em>) et Doroth\u00e9e Th\u00e9venaz Gygax assuraient l\u2019animation ainsi que la conduite d\u2019ateliers de \u00ab\u00a0conversation carbone\u00a0\u00bb. Il y eut \u00e9galement un atelier de \u00ab\u00a0biodanza\u00a0\u00bb avec Manuela P\u00e9clard et de Land Art avec Anne-Laure P\u00e9clard-Aebischer.<\/h3>\n<h3>Un expos\u00e9 introductif a permis \u00e0 Elena Lasida, professeur d\u2019\u00e9conomie \u00e0 l\u2019Institut catholique de Paris, de mettre en lumi\u00e8re les liens entre sobri\u00e9t\u00e9 et \u00e9cologie int\u00e9grale et de promouvoir une \u00ab\u00a0\u00e9conomie relationnelle\u00a0\u00bb. Michel Maxime\u00a0Egger a propos\u00e9 une asc\u00e8se pour sortir du syst\u00e8me de croissance et de la \u00ab\u00a0fi\u00e8vre acheteuse\u00a0\u00bb qui a colonis\u00e9 nos cerveaux. Alexandre et Marie Sokolovitch ont pr\u00e9sent\u00e9 l\u2019\u00e9co-hameau de la Chaux, pr\u00e8s de Dijon, et Edouard Dommen a \u00e9voqu\u00e9 la simplicit\u00e9 dans la spiritualit\u00e9 Quaker.<\/h3>\n<h3>On a encore assist\u00e9 \u00e0 l\u2019avant-premi\u00e8re d\u2019une pi\u00e8ce de th\u00e9\u00e2tre forum, sous l\u2019\u00e9gide de Christian Vez, pasteur et com\u00e9dien, autour de questions comme les capsules de caf\u00e9, l\u2019huile de palme ou un voyage touristique en Australie. \u00c0 voir cet automne dans nos contr\u00e9es.<\/h3>\n<h2><\/h2>\n<h2><strong>Rencontre de Bossey<\/strong>:<\/h2>\n<h3>Plusieurs membres de la Cotmec ont particip\u00e9 du 1er au 3 juin 2018 \u00e0 la Rencontre d&rsquo;\u00e9cospiritualit\u00e9 organis\u00e9e \u00e0 Bossey par le laboratoire de la transition int\u00e9rieure. Le th\u00e8me de cette ann\u00e9e \u00e9tait: <em>\u00ab\u00a0La place et la responsabilit\u00e9 de l&rsquo;humain dans la nature\u00a0\u00bb<strong>. <\/strong><\/em>Conf\u00e9rences et ateliers pratiques se sont succ\u00e9d\u00e9 durant ces trois jours dans une ambiance fraternelle, studieuse et d\u00e9tendue n\u00e9anmoins. Une phrase \u00e0 retenir, elle \u00e9tait un peu notre fil conducteur: <em>\u00ab\u00a0L&rsquo;enjeu est d&rsquo;op\u00e9rer une transition vers un monde nouveau,\u00a0 fond\u00e9 sur des relations reharmonis\u00e9es avec les autres, humains et non humains.\u00a0\u00bb <\/em><\/h3>\n<h3><\/h3>\n<h2><strong>Ecospiritualit\u00e9 et sobri\u00e9t\u00e9 heureuse<\/strong><\/h2>\n<div class=\"page\" title=\"Page 1\">\n<div class=\"layoutArea\">\n<div class=\"column\">\n<h3>Le groupe \u00ab Ecospiritualite\u0301 et sobrie\u0301te\u0301 heureuse \u00bb: une douzaine de personnes, en partie de l\u2019ancienne Cotmec, en partie nouvelles, pour la plupart retraite\u0301es de plus ou moins longue date. Le groupe poursuit la re\u0301flexion de\u0301ja\u0300 engage\u0301e du temps de l\u2019ancienne Cotmec sur l\u2019e\u0301cologie, en s\u2019appuyant sur de nouveaux documents : l\u2019encyclique \u2018Laudato si\u2019, deux livres de Michel Maxime Egger, et d\u2019autres textes et en s\u2019appuyant aussi sur la propre expe\u0301rience de ses membres.<\/h3>\n<h3>&#8211; Ce groupe se situe dans le cadre de la plateforme Dignite\u0301 et de\u0301veloppement et, depuis quelques mois, dans celui du laboratoire pour la transition inte\u0301rieure anime\u0301 par Michel Maxime Egger au sein de Pain pour le prochain.<\/h3>\n<h2><strong>Rencontres en 2016<\/strong> :<\/h2>\n<h3>&#8211; 26 janvier. A partir de citations sur la pauvrete\u0301, e\u0301change sur le mode\u0300le de l\u2019atelier anime\u0301 de\u0301ja\u0300 a\u0300 Fribourg lors de la confe\u0301rence sur le bien commun.<\/h3>\n<h3>&#8211; 14 mars. Ecospiritualite\u0301.<br \/>\n&#8211; 26 mai. Proposition travail sur notre enfance et notre jeunesse.<\/h3>\n<h2><strong>Objectifs :<\/strong><\/h2>\n<h3>&#8211; Notre propre formation par des discussions en groupe. &#8211; Le partage de ces re\u0301flexions, autour de nous, au sein de l\u2019association Cotmec, et plus loin si possible. &#8211; Une brochure, \u00ab\u00a0<a href=\"https:\/\/cotmec.ch\/?page_id=70\" target=\"_blank\" rel=\"noopener noreferrer\">Des germes d&rsquo;esp\u00e9rances pour la vie sur la plan\u00e8te\u00a0\u00bb<\/a>, comprenant certains des textes des membres du groupe, brochure provisoire et publi\u00e9e, appele\u0301e a\u0300 e\u0301voluer, pouvant e\u0302tre un instrument pour des rencontres, des de\u0301bats. Faisant partie de la documentation de l&rsquo;Action de Care\u0302me en 2018.<\/h3>\n<\/div>\n<\/div>\n<\/div>\n","protected":false},"excerpt":{"rendered":"<p>Synode: par notre dioc\u00e8se LGF nous \u00e9tions invit\u00e9s \u00e0 participer au processus synodal: \u00ab\u00a0rejoindre et \u00e9couter 2021-2023\u00a0\u00bb. Voici notre contribution. &nbsp; Eco-spiritualit\u00e9 int\u00e9grale F.X. Amherdt lance 10 appels pour une \u00e9co-spiritualit\u00e9 int\u00e9grale inspir\u00e9e de l\u2019encyclique \u00ab\u00a0Laudato si&rsquo;\u00bb du pape Fran\u00e7ois. <a href=\"https:\/\/cotmec.ch\/?page_id=1893\" class=\"read-more\">Lire plus &#8230;<\/a><\/p>\n","protected":false},"author":5,"featured_media":0,"parent":0,"menu_order":0,"comment_status":"closed","ping_status":"closed","template":"","meta":{"footnotes":""},"class_list":["post-1893","page","type-page","status-publish","hentry"],"_links":{"self":[{"href":"https:\/\/cotmec.ch\/index.php?rest_route=\/wp\/v2\/pages\/1893"}],"collection":[{"href":"https:\/\/cotmec.ch\/index.php?rest_route=\/wp\/v2\/pages"}],"about":[{"href":"https:\/\/cotmec.ch\/index.php?rest_route=\/wp\/v2\/types\/page"}],"author":[{"embeddable":true,"href":"https:\/\/cotmec.ch\/index.php?rest_route=\/wp\/v2\/users\/5"}],"replies":[{"embeddable":true,"href":"https:\/\/cotmec.ch\/index.php?rest_route=%2Fwp%2Fv2%2Fcomments&post=1893"}],"version-history":[{"count":17,"href":"https:\/\/cotmec.ch\/index.php?rest_route=\/wp\/v2\/pages\/1893\/revisions"}],"predecessor-version":[{"id":4887,"href":"https:\/\/cotmec.ch\/index.php?rest_route=\/wp\/v2\/pages\/1893\/revisions\/4887"}],"wp:attachment":[{"href":"https:\/\/cotmec.ch\/index.php?rest_route=%2Fwp%2Fv2%2Fmedia&parent=1893"}],"curies":[{"name":"wp","href":"https:\/\/api.w.org\/{rel}","templated":true}]}}