{"id":1898,"date":"2023-11-26T10:50:26","date_gmt":"2023-11-26T08:50:26","guid":{"rendered":"https:\/\/new.cotmec.ch\/?page_id=1898"},"modified":"2023-11-26T18:49:20","modified_gmt":"2023-11-26T16:49:20","slug":"pv-2","status":"publish","type":"page","link":"https:\/\/cotmec.ch\/?page_id=1898","title":{"rendered":"PV \u00e9co"},"content":{"rendered":"<h3><strong><a href=\"https:\/\/cotmec.ch\/wp-content\/uploads\/2023\/11\/PV-20-11-23-Ecospi.pdf\" target=\"_blank\" rel=\"noopener\">PV du 20 novembre 2023,<\/a> \u00ab\u00a0Tu ne commettras pas de rapt\u00a0\u00bb et l&rsquo; \u00ab\u00a0\u00c9conomie de l&rsquo;aimant\u00a0\u00bb avec Edouard Dommen.<\/strong><\/h3>\n<h3><a href=\"https:\/\/cotmec.ch\/wp-content\/uploads\/2023\/04\/PV-23-1-23.pdf\" target=\"_blank\" rel=\"noopener\">PV du 23 janvier 2023,<\/a> Conversations carbone avec Isabelle Fort-Mabboux.<\/h3>\n<p><a href=\"https:\/\/cotmec.ch\/wp-content\/uploads\/2023\/04\/Empreinte-carbone.jpg\"><img loading=\"lazy\" decoding=\"async\" class=\"alignnone size-full wp-image-4473\" src=\"https:\/\/cotmec.ch\/wp-content\/uploads\/2023\/04\/Empreinte-carbone.jpg\" alt=\"\" width=\"1212\" height=\"592\" srcset=\"https:\/\/cotmec.ch\/wp-content\/uploads\/2023\/04\/Empreinte-carbone.jpg 1212w, https:\/\/cotmec.ch\/wp-content\/uploads\/2023\/04\/Empreinte-carbone-300x147.jpg 300w, https:\/\/cotmec.ch\/wp-content\/uploads\/2023\/04\/Empreinte-carbone-1024x500.jpg 1024w, https:\/\/cotmec.ch\/wp-content\/uploads\/2023\/04\/Empreinte-carbone-768x375.jpg 768w, https:\/\/cotmec.ch\/wp-content\/uploads\/2023\/04\/Empreinte-carbone-360x176.jpg 360w\" sizes=\"(max-width: 1212px) 100vw, 1212px\" \/><\/a><\/p>\n<h4><a href=\"https:\/\/cotmec.ch\/wp-content\/uploads\/2023\/04\/le-guide-des-conversations-carbone.pdf\" target=\"_blank\" rel=\"noopener\"><strong>Voir le \u00ab\u00a0Guide des conversations carbone\u00a0\u00bb<\/strong><\/a><\/h4>\n<h3><a href=\"https:\/\/cotmec.ch\/wp-content\/uploads\/2022\/12\/pv-Ecospi-14-11-22.pdf\" target=\"_blank\" rel=\"noopener noreferrer\">PV du 14 novembre 2022<\/a>, commission dioc\u00e9saine de l&rsquo;\u00e9cologie et no. 1 de l&rsquo;e-cotmec info.<\/h3>\n<h3><strong>Voici <a href=\"https:\/\/cotmec.ch\/wp-content\/uploads\/2022\/11\/Orientations-strate\u0301giques-pour-un-dioce\u0300se-engage\u0301-dans-le\u0301cologie-inte\u0301grale.pdf\" target=\"_blank\" rel=\"noopener noreferrer\">les orientations strat\u00e9giques de l&rsquo;\u00e9cologie int\u00e9grale<\/a> pr\u00e9sent\u00e9es par Doroth\u00e9e Th\u00e9venaz Gygax.<\/strong><\/h3>\n<h3><a href=\"https:\/\/cotmec.ch\/wp-content\/uploads\/2022\/10\/Association-Cotmec-PV-21.2.2022.pdf\" target=\"_blank\" rel=\"noopener noreferrer\">PV du 21 f\u00e9vrier 2022<\/a>, texte approuv\u00e9 sur synode et synodalit\u00e9<\/h3>\n<h3><a href=\"https:\/\/cotmec.ch\/wp-content\/uploads\/2021\/11\/Association-Cotmec.pdf\" target=\"_blank\" rel=\"noopener noreferrer\">PV du 22 novembre 2021<\/a>, quelques r\u00e9flexions concernant notre r\u00e9ponse \u00e0 la synodalit\u00e9. <a href=\"https:\/\/cotmec.ch\/wp-content\/uploads\/2021\/11\/Synode-groupe.pdf\" target=\"_blank\" rel=\"noopener noreferrer\">Quelques contributions.<\/a> <a href=\"https:\/\/cotmec.ch\/wp-content\/uploads\/2021\/12\/Humanite\u0301-fragile-AF.pdf\" target=\"_blank\" rel=\"noopener noreferrer\">Humanit\u00e9 fragile AF<\/a>.<\/h3>\n<h3><a href=\"https:\/\/cotmec.ch\/wp-content\/uploads\/2021\/10\/PV-COTMEC-30-09-21.pdf\" target=\"_blank\" rel=\"noopener noreferrer\">PV du 30 septembre 2021<\/a>, pistes pour avancer.<\/h3>\n<h3><a href=\"https:\/\/cotmec.ch\/wp-content\/uploads\/2021\/06\/PV-rencontre-du-26-05-2021.pdf\" target=\"_blank\" rel=\"noopener noreferrer\">PV du 26 mai 2021<\/a>, votation du 13 juin, journ\u00e9e des r\u00e9fugi\u00e9s et nuit des veilleurs.<\/h3>\n<h3><a href=\"https:\/\/cotmec.ch\/wp-content\/uploads\/2020\/09\/PV-15-sept.pdf\" target=\"_blank\" rel=\"noopener noreferrer\">PV du 15 septembre 2020<\/a>, la pand\u00e9mie et nous et apr\u00e8s?<\/h3>\n<p><a href=\"https:\/\/cotmec.ch\/wp-content\/uploads\/2020\/09\/Depliant_Tumulte_postcorona_BDC_livret.pdf\" target=\"_blank\" rel=\"noopener noreferrer\">Livret <strong>Tumulte postcorona<\/strong><\/a><\/p>\n<h3><a href=\"https:\/\/cotmec.ch\/wp-content\/uploads\/2020\/01\/PV-e\u0301cospi-22-janvier-2020.pdf\" target=\"_blank\" rel=\"noopener noreferrer\">PV du 22 janvier 2020<\/a>, quelle perte pleurons-nous?<\/h3>\n<h3><a href=\"https:\/\/cotmec.ch\/wp-content\/uploads\/2019\/11\/PV-e\u0301cospi-2-11-19.pdf\" target=\"_blank\" rel=\"noopener noreferrer\">PV du 2 novembre 2019<\/a>, honorer notre souffrance pour le monde, que signifie <strong>solastalgie<\/strong>?<\/h3>\n<h3><a href=\"https:\/\/cotmec.ch\/wp-content\/uploads\/2019\/10\/PV-Ecospi-17-9-19-mt.pdf\" target=\"_blank\" rel=\"noopener noreferrer\">PV du 17 septembre 2019<\/a>, nos projets et pr\u00e9sentation des actions des \u00ab\u00a0A\u00een\u00e9es pour la protection du climat\u00a0\u00bb par Anne Mahrer.<\/h3>\n<h3><a href=\"https:\/\/cotmec.ch\/wp-content\/uploads\/2019\/06\/PV-Ecospi-28-5-2019.pdf\" target=\"_blank\" rel=\"noopener noreferrer\">PV du 28 mai 2019<\/a>,\u00a0 exp\u00e9rimentation d&rsquo;une m\u00e9thode de Joanna Macy.<\/h3>\n<h3><a href=\"https:\/\/cotmec.ch\/wp-content\/uploads\/2019\/03\/Association-Cotmec-\u2013-Groupe-Ecospiritualite\u0301-1.pdf\" target=\"_blank\" rel=\"noopener noreferrer\">PV du 14 f\u00e9vrier 2019<\/a>, rencontre avec une coll\u00e9gienne motiv\u00e9e pour d\u00e9fendre le climat.<\/h3>\n<h3><a href=\"https:\/\/cotmec.ch\/wp-content\/uploads\/2018\/12\/Cotmec-PV-Ecospi-21.11.18.pdf\" target=\"_blank\" rel=\"noopener noreferrer\">PV du 21 novembre 2018<\/a>, vaut-il la peine de trier les d\u00e9chets? Faut-il aider les pays du sud \u00e0 faire face aux changements climatiques?<\/h3>\n<h3><a href=\"https:\/\/cotmec.ch\/wp-content\/uploads\/2018\/10\/PV-1er-octobre-2018.pdf\" target=\"_blank\" rel=\"noopener noreferrer\">PV du 1er octobre 2018<\/a>, ce qui nous touche et nous engage, quelques avanc\u00e9es dans la bonne direction&#8230;, \u00e9v\u00e9nements \u00e0 ne pas manquer.<\/h3>\n<h3><a href=\"https:\/\/cotmec.ch\/wp-content\/uploads\/2018\/06\/PV-Ecospi-11-juin-2018.pdf\" target=\"_blank\" rel=\"noopener noreferrer\">PV du 11 juin 2018<\/a>, retour sur la rencontre de Bossey, discussion sur le site internet, trucs et astuces. Dans quelle direction voulons nous aller?<\/h3>\n<h3><a href=\"https:\/\/cotmec.ch\/wp-content\/uploads\/2018\/04\/PV-Ecospi-du-16-4-18.pdf\" target=\"_blank\" rel=\"noopener noreferrer\">PV du 16 avril 2018<\/a>, nouvelles de la brochure \u00ab\u00a0Des germes d\u2019esp\u00e9rance pour la vie sur la plan\u00e8te\u00a0\u00bb et de la plateforme Dignit\u00e9 &amp; D\u00e9veloppement, discussion sur l\u2019acc\u00e9l\u00e9ration du temps, prochaine rencontre le 11 juin 2018 \u00e0 la maison des associations.<\/h3>\n<h3><a href=\"https:\/\/cotmec.ch\/wp-content\/uploads\/2018\/05\/PV-Ecospi-2-octobre-2017-1.pdf\" target=\"_blank\" rel=\"noopener noreferrer\">PV du 2 octobre 2017<\/a>, pr\u00e9paration de la rencontre de la plateforme Dignit\u00e9 &amp; D\u00e9veloppement du 16 novembre, brochure \u00e0 publier, prochaine rencontre 20 novembre avec Malo.<\/h3>\n<h3><a href=\"https:\/\/cotmec.ch\/wp-content\/uploads\/2018\/06\/PV-13-mars-2017-Ecospiritualite\u0301.pdf\" target=\"_blank\" rel=\"noopener noreferrer\">PV du 13 mars 2017<\/a>, \u00e9change sur: \u00ab\u00a0Pourquoi, pour quoi gagner du temps\u00a0\u00bb et sur la \u00ab\u00a0conversion \u00e9cologique\u00a0\u00bb. Nouvelles de la plateforme dioc\u00e9saine\u2026..<\/h3>\n<h3><a href=\"https:\/\/cotmec.ch\/wp-content\/uploads\/2018\/06\/PV-26-janvier-2-2017-7.pdf\" target=\"_blank\" rel=\"noopener noreferrer\">PV du 26 janvier 2017<\/a>, \u00e9change sur le texte \u00ab\u00a0Nos d\u00e9sirs d\u00e9voy\u00e9s\u00a0\u00bb, comment r\u00e9agissons-nous\u2026? Consommation, addiction\u2026 Echo de la plateforme dioc\u00e9saine, rencontre avec Michel-Maxime Egger, weekend pr\u00e9vu les 5, 6 et 7 mai 2017. Appel contre les abus de Dublin.<\/h3>\n<h3><a href=\"https:\/\/cotmec.ch\/wp-content\/uploads\/2016\/12\/PV-1-decembre-2016.pdf\" target=\"_blank\" rel=\"noopener noreferrer\">PV du 1er de\u0301cembre 2016<\/a>. Re\u0301flexion sur l\u2019origine des menaces contre la vie sur la plane\u0300te. Avec une rencontre axe\u0301e sur la notion de progre\u0300s.<\/h3>\n<h3><a href=\"https:\/\/cotmec.ch\/wp-content\/uploads\/2016\/12\/PV-15-septembre-2016.pdf\" target=\"_blank\" rel=\"noopener noreferrer\">PV du 15 septembre 2016<\/a>. Evocation de notre relation avec la nature durant notre enfance et notre jeunesse, a\u0300 partir d\u2019une douzaine de textes \u2013 te\u0301moignages re\u0301dige\u0301s par les membres du groupe.<\/h3>\n<p>&nbsp;<\/p>\n","protected":false},"excerpt":{"rendered":"<p>PV du 20 novembre 2023, \u00ab\u00a0Tu ne commettras pas de rapt\u00a0\u00bb et l&rsquo; \u00ab\u00a0\u00c9conomie de l&rsquo;aimant\u00a0\u00bb avec Edouard Dommen. PV du 23 janvier 2023, Conversations carbone avec Isabelle Fort-Mabboux. Voir le \u00ab\u00a0Guide des conversations carbone\u00a0\u00bb PV du 14 novembre 2022, <a href=\"https:\/\/cotmec.ch\/?page_id=1898\" class=\"read-more\">Lire plus &#8230;<\/a><\/p>\n","protected":false},"author":5,"featured_media":0,"parent":0,"menu_order":0,"comment_status":"closed","ping_status":"closed","template":"","meta":{"footnotes":""},"class_list":["post-1898","page","type-page","status-publish","hentry"],"_links":{"self":[{"href":"https:\/\/cotmec.ch\/index.php?rest_route=\/wp\/v2\/pages\/1898"}],"collection":[{"href":"https:\/\/cotmec.ch\/index.php?rest_route=\/wp\/v2\/pages"}],"about":[{"href":"https:\/\/cotmec.ch\/index.php?rest_route=\/wp\/v2\/types\/page"}],"author":[{"embeddable":true,"href":"https:\/\/cotmec.ch\/index.php?rest_route=\/wp\/v2\/users\/5"}],"replies":[{"embeddable":true,"href":"https:\/\/cotmec.ch\/index.php?rest_route=%2Fwp%2Fv2%2Fcomments&post=1898"}],"version-history":[{"count":52,"href":"https:\/\/cotmec.ch\/index.php?rest_route=\/wp\/v2\/pages\/1898\/revisions"}],"predecessor-version":[{"id":4678,"href":"https:\/\/cotmec.ch\/index.php?rest_route=\/wp\/v2\/pages\/1898\/revisions\/4678"}],"wp:attachment":[{"href":"https:\/\/cotmec.ch\/index.php?rest_route=%2Fwp%2Fv2%2Fmedia&parent=1898"}],"curies":[{"name":"wp","href":"https:\/\/api.w.org\/{rel}","templated":true}]}}