{"id":19,"date":"2012-10-15T08:25:50","date_gmt":"2012-10-15T08:25:50","guid":{"rendered":"http:\/\/cotmec.wordpress.com\/?page_id=19"},"modified":"2023-03-24T10:00:03","modified_gmt":"2023-03-24T08:00:03","slug":"a-propos","status":"publish","type":"page","link":"https:\/\/cotmec.ch\/?page_id=19","title":{"rendered":"A propos"},"content":{"rendered":"<blockquote><p>\u00ab\u00a0Lorsque s\u2019effacent les rep\u00e8res d\u2019un monde meilleur, il reste toujours un imp\u00e9ratif absolu: cesser de nuire. R\u00e9sister \u00e0 l\u2019injustice, qu\u2019elle soit d\u2019ordre individuel ou structurel.\u00a0\u00bb<\/p><\/blockquote>\n<p style=\"text-align: right;\"><em>\u2028\u2028Pierre Dufresne, pilier de la COTMEC d\u00e8s sa fondation<\/em><\/p>\n<h3><strong>Jalons:<\/strong><\/h3>\n<h5><a href=\"https:\/\/cotmec.ch\/?p=2188\" target=\"_blank\" rel=\"noopener noreferrer\">Courir pour les droits humains<\/a><\/h5>\n<h5><a href=\"https:\/\/cotmec.ch\/?p=967\" target=\"_blank\" rel=\"noopener noreferrer\">Appel Dublin<\/a>,<\/h5>\n<h5><a href=\"https:\/\/cotmec.ch\/?p=670\" target=\"_blank\" rel=\"noopener noreferrer\">Cotmec dioc\u00e9saine<\/a>,<\/h5>\n<h5><a href=\"https:\/\/cotmec.ch\/?p=773\" target=\"_blank\" rel=\"noopener noreferrer\">COTMEC \u00e0 la HETS<\/a>,<\/h5>\n<h5><a href=\"https:\/\/cotmec.ch\/?p=514\" target=\"_blank\" rel=\"noopener noreferrer\">14&rsquo;000 personnes solidarit\u00e9<\/a>,<\/h5>\n<h5><a href=\"https:\/\/cotmec.ch\/?p=283\" target=\"_blank\" rel=\"noopener noreferrer\">Campagne 0.7%<\/a> ,<\/h5>\n<h5><a href=\"https:\/\/cotmec.ch\/?p=254\" target=\"_blank\" rel=\"noopener noreferrer\">Journ\u00e9e d&rsquo;\u00e9tudes<\/a>,<\/h5>\n","protected":false},"excerpt":{"rendered":"<p>\u00ab\u00a0Lorsque s\u2019effacent les rep\u00e8res d\u2019un monde meilleur, il reste toujours un imp\u00e9ratif absolu: cesser de nuire. R\u00e9sister \u00e0 l\u2019injustice, qu\u2019elle soit d\u2019ordre individuel ou structurel.\u00a0\u00bb \u2028\u2028Pierre Dufresne, pilier de la COTMEC d\u00e8s sa fondation Jalons: Courir pour les droits humains <a href=\"https:\/\/cotmec.ch\/?page_id=19\" class=\"read-more\">Lire plus &#8230;<\/a><\/p>\n","protected":false},"author":1,"featured_media":0,"parent":0,"menu_order":1,"comment_status":"closed","ping_status":"closed","template":"","meta":{"footnotes":""},"class_list":["post-19","page","type-page","status-publish","hentry"],"_links":{"self":[{"href":"https:\/\/cotmec.ch\/index.php?rest_route=\/wp\/v2\/pages\/19"}],"collection":[{"href":"https:\/\/cotmec.ch\/index.php?rest_route=\/wp\/v2\/pages"}],"about":[{"href":"https:\/\/cotmec.ch\/index.php?rest_route=\/wp\/v2\/types\/page"}],"author":[{"embeddable":true,"href":"https:\/\/cotmec.ch\/index.php?rest_route=\/wp\/v2\/users\/1"}],"replies":[{"embeddable":true,"href":"https:\/\/cotmec.ch\/index.php?rest_route=%2Fwp%2Fv2%2Fcomments&post=19"}],"version-history":[{"count":39,"href":"https:\/\/cotmec.ch\/index.php?rest_route=\/wp\/v2\/pages\/19\/revisions"}],"predecessor-version":[{"id":4025,"href":"https:\/\/cotmec.ch\/index.php?rest_route=\/wp\/v2\/pages\/19\/revisions\/4025"}],"wp:attachment":[{"href":"https:\/\/cotmec.ch\/index.php?rest_route=%2Fwp%2Fv2%2Fmedia&parent=19"}],"curies":[{"name":"wp","href":"https:\/\/api.w.org\/{rel}","templated":true}]}}