{"id":1988,"date":"2023-02-23T06:50:33","date_gmt":"2023-02-23T04:50:33","guid":{"rendered":"https:\/\/new.cotmec.ch\/?page_id=1988"},"modified":"2023-02-23T08:15:41","modified_gmt":"2023-02-23T06:15:41","slug":"fgc","status":"publish","type":"page","link":"https:\/\/cotmec.ch\/?page_id=1988","title":{"rendered":"FGC"},"content":{"rendered":"<h3><a href=\"https:\/\/fgc.federeso.ch\/qui-sommes-nous\" target=\"_blank\" rel=\"noopener noreferrer\">Lien vers FGC<\/a><\/h3>\n<h3><a href=\"https:\/\/fgc.federeso.ch\/news\/les-tables-rondes-de-la-fgc-17-objectifs-pour-transformer-le-monde\" target=\"_blank\" rel=\"noopener noreferrer\">17 objectifs pour transformer le monde, <\/a><\/h3>\n<h3>la soir\u00e9e a eu lieu le 04 10 2018 \u00e0 Uni Mail Gen\u00e8ve.<\/h3>\n","protected":false},"excerpt":{"rendered":"<p>Lien vers FGC 17 objectifs pour transformer le monde, la soir\u00e9e a eu lieu le 04 10 2018 \u00e0 Uni Mail Gen\u00e8ve.<\/p>\n","protected":false},"author":5,"featured_media":0,"parent":0,"menu_order":0,"comment_status":"closed","ping_status":"closed","template":"","meta":{"footnotes":""},"class_list":["post-1988","page","type-page","status-publish","hentry"],"_links":{"self":[{"href":"https:\/\/cotmec.ch\/index.php?rest_route=\/wp\/v2\/pages\/1988"}],"collection":[{"href":"https:\/\/cotmec.ch\/index.php?rest_route=\/wp\/v2\/pages"}],"about":[{"href":"https:\/\/cotmec.ch\/index.php?rest_route=\/wp\/v2\/types\/page"}],"author":[{"embeddable":true,"href":"https:\/\/cotmec.ch\/index.php?rest_route=\/wp\/v2\/users\/5"}],"replies":[{"embeddable":true,"href":"https:\/\/cotmec.ch\/index.php?rest_route=%2Fwp%2Fv2%2Fcomments&post=1988"}],"version-history":[{"count":7,"href":"https:\/\/cotmec.ch\/index.php?rest_route=\/wp\/v2\/pages\/1988\/revisions"}],"predecessor-version":[{"id":3605,"href":"https:\/\/cotmec.ch\/index.php?rest_route=\/wp\/v2\/pages\/1988\/revisions\/3605"}],"wp:attachment":[{"href":"https:\/\/cotmec.ch\/index.php?rest_route=%2Fwp%2Fv2%2Fmedia&parent=1988"}],"curies":[{"name":"wp","href":"https:\/\/api.w.org\/{rel}","templated":true}]}}