{"id":2054,"date":"2024-08-17T10:20:52","date_gmt":"2024-08-17T08:20:52","guid":{"rendered":"https:\/\/new.cotmec.ch\/?page_id=2054"},"modified":"2024-08-17T12:53:42","modified_gmt":"2024-08-17T10:53:42","slug":"invitation-2","status":"publish","type":"page","link":"https:\/\/cotmec.ch\/?page_id=2054","title":{"rendered":"Invitation"},"content":{"rendered":"<h3><strong>Nous avons rencontr\u00e9 le <a href=\"https:\/\/cotmec.ch\/wp-content\/uploads\/2023\/11\/Invit-Ecospi-11-2023.pdf\" target=\"_blank\" rel=\"noopener\">20 novembre 2023<\/a> l&rsquo;invit\u00e9 Edouard Dommen, th\u00e8me: \u00ab\u00a0Tu ne commettras pas de rapt &#8211; battre en bre\u0300che le capitalisme en incluant les atteintes a\u0300 la nature et aux plus faibles dans le prix des biens\u00a0\u00bb.<\/strong><\/h3>\n<p>&nbsp;<\/p>\n<h3><strong>Notre\u00a0 <a href=\"https:\/\/cotmec.ch\/wp-content\/uploads\/2023\/01\/Invit-Ecospi-01-23-2023.pdf\" target=\"_blank\" rel=\"noopener noreferrer\">rencontre a eu lieu le 23 janvier 2023 <\/a>avec l&rsquo;invit\u00e9e Isabelle Fort-Mabboux, th\u00e8me \u00ab\u00a0Conversation Carbone\u00a0\u00bb.<\/strong><\/h3>\n<h3><\/h3>\n<h3>Qu&rsquo;est-ce que la pand\u00e9mie nous a appris?<\/h3>\n<p>&nbsp;<\/p>\n<h3>Sujets \u00e0 explorer:<\/h3>\n<h3><a href=\"https:\/\/cotmec.ch\/wp-content\/uploads\/2019\/04\/liberalisme_et_decroissance_bilan-ch.pdf\" target=\"_blank\" rel=\"noopener noreferrer\">Le lib\u00e9ralisme est-il d\u00e9pass\u00e9?<\/a><\/h3>\n<p>4 textes:<\/p>\n<p><a href=\"https:\/\/cotmec.ch\/wp-content\/uploads\/2018\/11\/Global-plaidoyer-pour-un-monde-juste.pdf\" target=\"_blank\" rel=\"noopener noreferrer\">Global: plaidoyer pour un monde juste<\/a><\/p>\n<p><a href=\"https:\/\/cotmec.ch\/wp-content\/uploads\/2018\/11\/Global-milliard-climatique.pdf\" target=\"_blank\" rel=\"noopener noreferrer\">Financement du milliard climatique<\/a><\/p>\n<p><a href=\"https:\/\/cotmec.ch\/wp-content\/uploads\/2018\/11\/Re\u0301chauffement-climatique-13.10.2018-.pdf\" target=\"_blank\" rel=\"noopener noreferrer\">R\u00e9chauffement climatique<\/a><\/p>\n<p><a href=\"https:\/\/cotmec.ch\/wp-content\/uploads\/2018\/11\/Re\u0301flexions-8-11-18-ROBERT-FOL.pdf\" target=\"_blank\" rel=\"noopener noreferrer\">R\u00e9flexions <\/a><\/p>\n<p>&nbsp;<\/p>\n","protected":false},"excerpt":{"rendered":"<p>Nous avons rencontr\u00e9 le 20 novembre 2023 l&rsquo;invit\u00e9 Edouard Dommen, th\u00e8me: \u00ab\u00a0Tu ne commettras pas de rapt &#8211; battre en bre\u0300che le capitalisme en incluant les atteintes a\u0300 la nature et aux plus faibles dans le prix des biens\u00a0\u00bb. &nbsp; <a href=\"https:\/\/cotmec.ch\/?page_id=2054\" class=\"read-more\">Lire plus &#8230;<\/a><\/p>\n","protected":false},"author":5,"featured_media":0,"parent":0,"menu_order":0,"comment_status":"closed","ping_status":"closed","template":"","meta":{"footnotes":""},"class_list":["post-2054","page","type-page","status-publish","hentry"],"_links":{"self":[{"href":"https:\/\/cotmec.ch\/index.php?rest_route=\/wp\/v2\/pages\/2054"}],"collection":[{"href":"https:\/\/cotmec.ch\/index.php?rest_route=\/wp\/v2\/pages"}],"about":[{"href":"https:\/\/cotmec.ch\/index.php?rest_route=\/wp\/v2\/types\/page"}],"author":[{"embeddable":true,"href":"https:\/\/cotmec.ch\/index.php?rest_route=\/wp\/v2\/users\/5"}],"replies":[{"embeddable":true,"href":"https:\/\/cotmec.ch\/index.php?rest_route=%2Fwp%2Fv2%2Fcomments&post=2054"}],"version-history":[{"count":56,"href":"https:\/\/cotmec.ch\/index.php?rest_route=\/wp\/v2\/pages\/2054\/revisions"}],"predecessor-version":[{"id":4806,"href":"https:\/\/cotmec.ch\/index.php?rest_route=\/wp\/v2\/pages\/2054\/revisions\/4806"}],"wp:attachment":[{"href":"https:\/\/cotmec.ch\/index.php?rest_route=%2Fwp%2Fv2%2Fmedia&parent=2054"}],"curies":[{"name":"wp","href":"https:\/\/api.w.org\/{rel}","templated":true}]}}