{"id":4815,"date":"2024-08-22T13:42:51","date_gmt":"2024-08-22T11:42:51","guid":{"rendered":"https:\/\/cotmec.ch\/?page_id=4815"},"modified":"2024-09-01T21:44:34","modified_gmt":"2024-09-01T19:44:34","slug":"test","status":"publish","type":"page","link":"https:\/\/cotmec.ch\/","title":{"rendered":"Accueil carrousel"},"content":{"rendered":"<style id=\"sp_pcp_dynamic_style3657\">#pcp_wrapper-3657:not(.sps-glossary-layout) .sp-pcp-row,#pcp_wrapper-3657 .sps-glossary-items-group .sps-glossary-items-content {margin-right: -10px;margin-left: -10px;}#pcp_wrapper-3657 .sp-pcp-row [class*='sp-pcp-col-']{padding-right: 10px;padding-left: 10px; padding-bottom:20px;}.pcp-wrapper-3657 .sp-pcp-title a {color: #111;display: inherit;} .pcp-wrapper-3657 .sp-pcp-title a:hover {color: #f19f36;}.pcp-wrapper-3657 .sp-pcp-post-content{color: #444; }#pcp_wrapper-3657 .dots .swiper-pagination-bullet{ background: #cccccc; } #pcp_wrapper-3657 .dots .swiper-pagination-bullet-active { background: #f19f36; }#pcp_wrapper-3657 .pcp-button-prev,#pcp_wrapper-3657 .pcp-button-next{ background-image: none; background-size: auto; background-color: #fff; height: 33px; width: 33px; margin-top: 8px; border: 1px solid #aaa; text-align: center; line-height: 30px; -webkit-transition: 0.3s; border-radius: 3px; }#pcp_wrapper-3657 .pcp-button-prev:hover, #pcp_wrapper-3657 .pcp-button-next:hover{ background-color: #f19f36; border-color: #f19f36; } #pcp_wrapper-3657 .pcp-button-prev .fa, #pcp_wrapper-3657 .pcp-button-next .fa { color: #aaa; } #pcp_wrapper-3657 .pcp-button-prev:hover .fa, #pcp_wrapper-3657 .pcp-button-next:hover .fa { color: #fff; } #pcp_wrapper-3657.pcp-carousel-wrapper .sp-pcp-post{ margin-top: 0; }#pcp_wrapper-3657 .sp-pcp-post {padding: 0 0 0 0;}#pcp_wrapper-3657.sp-slider_layout .sp-pcp-post .sp-pcp-post-details {top: 0; right:0; bottom:0; left:0;}#pcp_wrapper-3657 .sp-pcp-post {border: 0px solid #e2e2e2; border-radius: 0px }#pcp_wrapper-3657 .sp-pcp-post{background-color: transparent;}#pcp_wrapper-3657 .pcp-post-thumb-wrapper{border: 0px solid #dddddd;border-radius:0px;}.pcp-wrapper-3657 .sp-pcp-post-meta li,.pcp-wrapper-3657 .sp-pcp-post-meta ul,.pcp-wrapper-3657 .sp-pcp-post-meta li a{color: #888;}.pcp-wrapper-3657 .sp-pcp-post-meta li a:hover{color: #f19f36;}#pcp_wrapper-3657 .pcp-post-pagination .page-numbers.current, #pcp_wrapper-3657 .pcp-post-pagination a.active , #pcp_wrapper-3657 .pcp-post-pagination a:hover{ color: #ffffff; background: #e1624b; border-color: #e1624b; }#pcp_wrapper-3657 .pcp-post-pagination .page-numbers, .pcp-post-pagination a{ background: #ffffff; color:#5e5e5e; border: 2px solid #bbbbbb;border-radius: 2px; }#pcp_wrapper-3657 .pcp-post-pagination{text-align: left;}@media (min-width: 1200px) {.sp-pcp-row .sp-pcp-col-xl-1 {flex: 0 0 100%;}.sp-pcp-row .sp-pcp-col-xl-2 {flex: 1 1 calc( 50% - 20px);}.sp-pcp-row .sp-pcp-col-xl-3 {flex: 1 1 calc( 33.333% - 20px);}.sp-pcp-row .sp-pcp-col-xl-4 {flex: 1 1 calc( 25% - 20px);}.sp-pcp-row .sp-pcp-col-xl-5 { flex: 1 1 calc( 20% - 20px);}.sp-pcp-row .sp-pcp-col-xl-6 {flex: 1 1 calc( 16.66666666666667% - 20px);}.sp-pcp-row .sp-pcp-col-xl-7 {flex: 1 1 calc( 14.28571428% - 20px);}.sp-pcp-row .sp-pcp-col-xl-8 {flex: 1 1 calc( 12.5% - 20px);}}@media (max-width: 1200px) {.sp-pcp-row .sp-pcp-col-lg-1 {flex: 0 0 100%;}.sp-pcp-row .sp-pcp-col-lg-2 {flex: 1 1 calc( 50% - 20px);}.sp-pcp-row .sp-pcp-col-lg-3 {flex: 1 1 calc( 33.333% - 20px);}.sp-pcp-row .sp-pcp-col-lg-4 {flex: 1 1 calc( 25% - 20px);}.sp-pcp-row .sp-pcp-col-lg-5 { flex: 1 1 calc( 20% - 20px);}.sp-pcp-row .sp-pcp-col-lg-6 {flex: 1 1 calc( 16.66666666666667% - 20px);}.sp-pcp-row .sp-pcp-col-lg-7 {flex: 1 1 calc( 14.28571428% - 20px);}.sp-pcp-row .sp-pcp-col-lg-8 {flex: 1 1 calc( 12.5% - 20px);}}@media (max-width: 992px) {.sp-pcp-row .sp-pcp-col-md-1 {flex: 0 0 100%;}.sp-pcp-row .sp-pcp-col-md-2 {flex: 1 1 calc( 50% - 20px);}.sp-pcp-row .sp-pcp-col-md-2-5 {flex: 0 0 75%;}.sp-pcp-row .sp-pcp-col-md-3 {flex: 1 1 calc( 33.333% - 20px);}.sp-pcp-row .sp-pcp-col-md-4 {flex: 1 1 calc( 25% - 20px);}.sp-pcp-row .sp-pcp-col-md-5 { flex: 1 1 calc( 20% - 20px);}.sp-pcp-row .sp-pcp-col-md-6 {flex: 1 1 calc( 16.66666666666667% - 20px);}.sp-pcp-row .sp-pcp-col-md-7 {flex: 1 1 calc( 14.28571428% - 20px);}.sp-pcp-row .sp-pcp-col-md-8 {flex: 1 1 calc( 12.5% - 20px);}}@media (max-width: 768px) {.sp-pcp-row .sp-pcp-col-sm-1 {flex: 0 0 100%;}.sp-pcp-row .sp-pcp-col-sm-2 {flex: 1 1 calc( 50% - 20px);}.sp-pcp-row .sp-pcp-col-sm-2-5 {flex: 0 0 75%;}.sp-pcp-row .sp-pcp-col-sm-3 {flex: 1 1 calc( 33.333% - 20px);}.sp-pcp-row .sp-pcp-col-sm-4 {flex: 1 1 calc( 25% - 20px);}.sp-pcp-row .sp-pcp-col-sm-5 { flex: 1 1 calc( 20% - 20px);}.sp-pcp-row .sp-pcp-col-sm-6 {flex: 1 1 calc( 16.66666666666667% - 20px);}.sp-pcp-row .sp-pcp-col-sm-7 {flex: 1 1 calc( 14.28571428% - 20px);}.sp-pcp-row .sp-pcp-col-sm-8 {flex: 1 1 calc( 12.5% - 20px);}}@media (max-width: 420px) {.sp-pcp-row .sp-pcp-col-xs-1 {flex: 0 0 100%;}.sp-pcp-row .sp-pcp-col-xs-2 {flex: 1 1 calc( 50% - 20px);}.sp-pcp-row .sp-pcp-col-xs-3 {flex: 1 1 calc( 33.333% - 20px);}.sp-pcp-row .sp-pcp-col-xs-4 {flex: 1 1 calc( 25% - 20px);}.sp-pcp-row .sp-pcp-col-xs-5 { flex: 1 1 calc( 20% - 20px);}.sp-pcp-row .sp-pcp-col-xs-6 {flex: 1 1 calc( 16.66666666666667% - 20px);}.sp-pcp-row .sp-pcp-col-xs-7 {flex: 1 1 calc( 14.28571428% - 20px);}.sp-pcp-row .sp-pcp-col-xs-8 {flex: 1 1 calc( 12.5% - 20px);}}<\/style><!-- Markup Starts -->\n<div id=\"pcp_wrapper-3657\" class=\"sp-pcp-section sp-pcp-container pcp-wrapper-3657 pcp-carousel-wrapper standard sp-carousel_layout\" data-sid=\"3657\">\n\t<div id=\"sp-pcp-id-3657\" class=\"swiper-container sp-pcp-carousel bottom_center\" dir=\"ltr\" data-carousel='{ \"speed\":3500, \"items\":1, \"spaceBetween\":20, \"dynamicBullets\": false, \"navigation\":true, \"pagination\": true, \"autoplay\": true, \"autoplay_speed\": 4000, \"loop\": true, \"autoHeight\": false, \"lazy\":  true, \"simulateTouch\": true, \"freeMode\": false, \"slider_mouse_wheel\": false,\"allowTouchMove\": true, \"slidesPerView\": {\"lg_desktop\": 1, \"desktop\": 1, \"tablet\": 1, \"mobile_landscape\": 1, \"mobile\": 1}, \"navigation_mobile\": true, \"pagination_mobile\": true, \"stop_onHover\": true, \"enabled\": true, \"prevSlideMessage\": \"Previous slide\", \"nextSlideMessage\": \"Next slide\", \"firstSlideMessage\": \"This is the first slide\", \"lastSlideMessage\": \"This is the last slide\", \"keyboard\": \"true\", \"paginationBulletMessage\": \"Go to slide {{index}}\" }'>\n\t\t\t<div class=\"swiper-wrapper\">\n\t\t\t\t\t\t<div class=\" swiper-slide swiper-lazy\">\n\t\t\t<div class=\"sp-pcp-post default pcp-item-4930\" data-id=\"4930\">\n\t\t\t\t\t\t\t\t<div class=\"pcp-post-thumb-wrapper\">\n\t\t\t\t\t<div class=\"sp-pcp-post-thumb-area\">\n\t\t\t\t\t\t\t\t\t\t\t\t<a class=\"sp-pcp-thumb\" href=\"https:\/\/cotmec.ch\/?p=4930\" target=\"_self\" >\n\t\t\t\t\t\t\t\t\t\t\t\t\t<img loading=\"lazy\" decoding=\"async\" src=\"https:\/\/cotmec.ch\/wp-content\/uploads\/2026\/02\/Marche-de-Paques-2026-236x270.jpg\" width=\"236\" height=\"270\" alt=\"\">\n\t\t\t\t\t\t<\/a>\n\t\t\t\t\t<\/div>\n\t\t\t\t<\/div>\n\t\t\t\t\t\t\t\t<div class=\"sp-pcp-post-details\">\n\t\t\t\t\t<div class=\"sp-pcp-post-details-content\">\n\t\t\t\t\t\t\t\t<h2 class=\"sp-pcp-title\">\n\t\t\t\t\t\t\t\t\t<a href=\"https:\/\/cotmec.ch\/?p=4930\"  target=\"_self\">Marche de P\u00e2ques 2025<\/a>\t\t\t\t\t\t\t<\/h2>\n\t\t\t\t\t\t<div class=\"sp-pcp-post-content\">\n\t\t\t<p>Marche de P\u00e2ques pour la paix 2026: lundi 6 avril 13:15h Eichholz an der Aare Berne Nous sommes nombreuses et nombreux \u2014 renfor\u00e7ons la r\u00e9sistance contre la guerre, la violence et l\u2019oppression Pourquoi la marche de P\u00e2ques? &nbsp;<\/p>\n\t\t<\/div>\n\t\t\t\t\t\t\t\t<\/div>\n\t\t\t\t<\/div>\n\t\t\t<\/div>\n\t\t<\/div>\n\t\t\t\t<div class=\" swiper-slide swiper-lazy\">\n\t\t\t<div class=\"sp-pcp-post default pcp-item-4959\" data-id=\"4959\">\n\t\t\t\t\t\t\t\t<div class=\"pcp-post-thumb-wrapper\">\n\t\t\t\t\t<div class=\"sp-pcp-post-thumb-area\">\n\t\t\t\t\t\t\t\t\t\t\t\t<a class=\"sp-pcp-thumb\" href=\"https:\/\/cotmec.ch\/?p=4959\" target=\"_self\" >\n\t\t\t\t\t\t\t\t\t\t\t\t\t<img loading=\"lazy\" decoding=\"async\" src=\"https:\/\/cotmec.ch\/wp-content\/uploads\/2025\/03\/Ainees-pour-le-climat-360x218.jpg\" width=\"360\" height=\"218\" alt=\"\">\n\t\t\t\t\t\t<\/a>\n\t\t\t\t\t<\/div>\n\t\t\t\t<\/div>\n\t\t\t\t\t\t\t\t<div class=\"sp-pcp-post-details\">\n\t\t\t\t\t<div class=\"sp-pcp-post-details-content\">\n\t\t\t\t\t\t\t\t<h2 class=\"sp-pcp-title\">\n\t\t\t\t\t\t\t\t\t<a href=\"https:\/\/cotmec.ch\/?p=4959\"  target=\"_self\">A\u00een\u00e9es pour le climat<\/a>\t\t\t\t\t\t\t<\/h2>\n\t\t\t\t\t\t<div class=\"sp-pcp-post-content\">\n\t\t\t<p>Film documentaire retra\u00e7ant l&rsquo;histoire des a\u00een\u00e9es pour le climat: \u00a0\u00bb Trop chaud \u00a0\u00bb actuellement au cin\u00e9ma. 9 avril 2025: Le verdict climatique doit imm\u00e9diatement \u00eatre appliqu\u00e9. Accus\u00e9e d\u2019inaction climatique, la Suisse doit s\u2019expliquer aupr\u00e8s d\u2019une instance du Conseil de l\u2019Europe. <a href=\"https:\/\/cotmec.ch\/?p=4959\" class=\"read-more\">Lire plus ...<\/a><\/p>\n\t\t<\/div>\n\t\t\t\t\t\t\t\t<\/div>\n\t\t\t\t<\/div>\n\t\t\t<\/div>\n\t\t<\/div>\n\t\t\t\t<div class=\" swiper-slide swiper-lazy\">\n\t\t\t<div class=\"sp-pcp-post default pcp-item-4769\" data-id=\"4769\">\n\t\t\t\t\t\t\t\t<div class=\"pcp-post-thumb-wrapper\">\n\t\t\t\t\t<div class=\"sp-pcp-post-thumb-area\">\n\t\t\t\t\t\t\t\t\t\t\t\t<a class=\"sp-pcp-thumb\" href=\"https:\/\/cotmec.ch\/?p=4769\" target=\"_self\" >\n\t\t\t\t\t\t\t\t\t\t\t\t\t<img loading=\"lazy\" decoding=\"async\" src=\"https:\/\/cotmec.ch\/wp-content\/uploads\/2025\/05\/Veilleurs-2025-243x270.jpg\" width=\"243\" height=\"270\" alt=\"\">\n\t\t\t\t\t\t<\/a>\n\t\t\t\t\t<\/div>\n\t\t\t\t<\/div>\n\t\t\t\t\t\t\t\t<div class=\"sp-pcp-post-details\">\n\t\t\t\t\t<div class=\"sp-pcp-post-details-content\">\n\t\t\t\t\t\t\t\t<h2 class=\"sp-pcp-title\">\n\t\t\t\t\t\t\t\t\t<a href=\"https:\/\/cotmec.ch\/?p=4769\"  target=\"_self\">ACAT: 26 juin, journ\u00e9e internationale pour le soutien aux victimes de la torture<\/a>\t\t\t\t\t\t\t<\/h2>\n\t\t\t\t\t\t<div class=\"sp-pcp-post-content\">\n\t\t\t<p>Jeudi 26 juin 2025 \u00c0\u00a0 la chapelle St Martin \u00e0 Onex \u00e0 18h30 c\u00e9l\u00e9bration des Veilleurs avec l&rsquo;ACAT (Action des chre\u0301tiens pour un monde sans torture ni peine de mort). Voici le papillon 2025 pour plus de d\u00e9tails C\u00e9l\u00e9bration du <a href=\"https:\/\/cotmec.ch\/?p=4769\" class=\"read-more\">Lire plus ...<\/a><\/p>\n\t\t<\/div>\n\t\t\t\t\t\t\t\t<\/div>\n\t\t\t\t<\/div>\n\t\t\t<\/div>\n\t\t<\/div>\n\t\t\t\t<div class=\" swiper-slide swiper-lazy\">\n\t\t\t<div class=\"sp-pcp-post default pcp-item-4926\" data-id=\"4926\">\n\t\t\t\t\t\t\t\t<div class=\"pcp-post-thumb-wrapper\">\n\t\t\t\t\t<div class=\"sp-pcp-post-thumb-area\">\n\t\t\t\t\t\t\t\t\t\t\t\t<a class=\"sp-pcp-thumb\" href=\"https:\/\/cotmec.ch\/?p=4926\" target=\"_self\" >\n\t\t\t\t\t\t\t\t\t\t\t\t\t<img loading=\"lazy\" decoding=\"async\" src=\"https:\/\/cotmec.ch\/wp-content\/uploads\/2024\/11\/Peine-de-mort-securite-1-238x270.jpg\" width=\"238\" height=\"270\" alt=\"\">\n\t\t\t\t\t\t<\/a>\n\t\t\t\t\t<\/div>\n\t\t\t\t<\/div>\n\t\t\t\t\t\t\t\t<div class=\"sp-pcp-post-details\">\n\t\t\t\t\t<div class=\"sp-pcp-post-details-content\">\n\t\t\t\t\t\t\t\t<h2 class=\"sp-pcp-title\">\n\t\t\t\t\t\t\t\t\t<a href=\"https:\/\/cotmec.ch\/?p=4926\"  target=\"_self\">22e Journ\u00e9e mondiale contre la peine de mort<\/a>\t\t\t\t\t\t\t<\/h2>\n\t\t\t\t\t\t<div class=\"sp-pcp-post-content\">\n\t\t\t<p>La peine de mort apporte-t-elle plus de s\u00e9curit\u00e9? La 22\u00ba Journ\u00e9e mondiale contre la peine de mort, c\u00e9l\u00e9br\u00e9e le 10 octobre dernier, a mis en avant le th\u00e8me de la s\u00e9curit\u00e9. L&rsquo;ACAT-Suisse a publi\u00e9 une page internet avec pour titre <a href=\"https:\/\/cotmec.ch\/?p=4926\" class=\"read-more\">Lire plus ...<\/a><\/p>\n\t\t<\/div>\n\t\t\t\t\t\t\t\t<\/div>\n\t\t\t\t<\/div>\n\t\t\t<\/div>\n\t\t<\/div>\n\t\t\t\t<div class=\" swiper-slide swiper-lazy\">\n\t\t\t<div class=\"sp-pcp-post default pcp-item-4898\" data-id=\"4898\">\n\t\t\t\t\t\t\t\t<div class=\"pcp-post-thumb-wrapper\">\n\t\t\t\t\t<div class=\"sp-pcp-post-thumb-area\">\n\t\t\t\t\t\t\t\t\t\t\t\t<a class=\"sp-pcp-thumb\" href=\"https:\/\/cotmec.ch\/?p=4898\" target=\"_self\" >\n\t\t\t\t\t\t\t\t\t\t\t\t\t<img loading=\"lazy\" decoding=\"async\" src=\"https:\/\/cotmec.ch\/wp-content\/uploads\/2024\/11\/UNE-10-DeCEMBRE-2024-360x270.jpg\" width=\"360\" height=\"270\" alt=\"\">\n\t\t\t\t\t\t<\/a>\n\t\t\t\t\t<\/div>\n\t\t\t\t<\/div>\n\t\t\t\t\t\t\t\t<div class=\"sp-pcp-post-details\">\n\t\t\t\t\t<div class=\"sp-pcp-post-details-content\">\n\t\t\t\t\t\t\t\t<h2 class=\"sp-pcp-title\">\n\t\t\t\t\t\t\t\t\t<a href=\"https:\/\/cotmec.ch\/?p=4898\"  target=\"_self\">40 ans de l&rsquo;INTERDICTION de la TORTURE adopt\u00e9e par l&rsquo;ONU<\/a>\t\t\t\t\t\t\t<\/h2>\n\t\t\t\t\t\t<div class=\"sp-pcp-post-content\">\n\t\t\t<p>\u00c0 l&rsquo;occasion de la Journ\u00e9e des droits de l&rsquo;homme du 10 d\u00e9cembre, qui co\u00efncide avec le 40e anniversaire de la Convention, l&rsquo;ACAT vous propose un bref aper\u00e7u de la Convention contre la torture et une lettre \u00e0 signer et envoyer <a href=\"https:\/\/cotmec.ch\/?p=4898\" class=\"read-more\">Lire plus ...<\/a><\/p>\n\t\t<\/div>\n\t\t\t\t\t\t\t\t<\/div>\n\t\t\t\t<\/div>\n\t\t\t<\/div>\n\t\t<\/div>\n\t\t\t\t<div class=\" swiper-slide swiper-lazy\">\n\t\t\t<div class=\"sp-pcp-post default pcp-item-4877\" data-id=\"4877\">\n\t\t\t\t\t\t\t\t<div class=\"pcp-post-thumb-wrapper\">\n\t\t\t\t\t<div class=\"sp-pcp-post-thumb-area\">\n\t\t\t\t\t\t\t\t\t\t\t\t<a class=\"sp-pcp-thumb\" href=\"https:\/\/cotmec.ch\/?p=4877\" target=\"_self\" >\n\t\t\t\t\t\t\t\t\t\t\t\t\t<img loading=\"lazy\" decoding=\"async\" src=\"https:\/\/cotmec.ch\/wp-content\/uploads\/2024\/09\/Justice-econo-360x236.jpg\" width=\"360\" height=\"236\" alt=\"\">\n\t\t\t\t\t\t<\/a>\n\t\t\t\t\t<\/div>\n\t\t\t\t<\/div>\n\t\t\t\t\t\t\t\t<div class=\"sp-pcp-post-details\">\n\t\t\t\t\t<div class=\"sp-pcp-post-details-content\">\n\t\t\t\t\t\t\t\t<h2 class=\"sp-pcp-title\">\n\t\t\t\t\t\t\t\t\t<a href=\"https:\/\/cotmec.ch\/?p=4877\"  target=\"_self\">Salomon 2024<\/a>\t\t\t\t\t\t\t<\/h2>\n\t\t\t\t\t\t<div class=\"sp-pcp-post-content\">\n\t\t\t<p>JUSTICE \u00c9CONOMIQUE &amp; FINANCE DURABLE \u00e9valuer ce qui est entrepris dans ce domaine. Quelles sont les potentialit\u00e9s, mais aussi les risques et les limites de ce qui est actuellement propos\u00e9 en mati\u00e8re de placements \u00ab \u00e9thiques \u00bb par les institutions <a href=\"https:\/\/cotmec.ch\/?p=4877\" class=\"read-more\">Lire plus ...<\/a><\/p>\n\t\t<\/div>\n\t\t\t\t\t\t\t\t<\/div>\n\t\t\t\t<\/div>\n\t\t\t<\/div>\n\t\t<\/div>\n\t\t\t\t<div class=\" swiper-slide swiper-lazy\">\n\t\t\t<div class=\"sp-pcp-post default pcp-item-4699\" data-id=\"4699\">\n\t\t\t\t\t\t\t\t<div class=\"pcp-post-thumb-wrapper\">\n\t\t\t\t\t<div class=\"sp-pcp-post-thumb-area\">\n\t\t\t\t\t\t\t\t\t\t\t\t<a class=\"sp-pcp-thumb\" href=\"https:\/\/cotmec.ch\/?p=4699\" target=\"_self\" >\n\t\t\t\t\t\t\t\t\t\t\t\t\t<img loading=\"lazy\" decoding=\"async\" src=\"https:\/\/cotmec.ch\/wp-content\/uploads\/2023\/12\/Entreprises-comp-carbone-357x270.jpg\" width=\"357\" height=\"270\" alt=\"\">\n\t\t\t\t\t\t<\/a>\n\t\t\t\t\t<\/div>\n\t\t\t\t<\/div>\n\t\t\t\t\t\t\t\t<div class=\"sp-pcp-post-details\">\n\t\t\t\t\t<div class=\"sp-pcp-post-details-content\">\n\t\t\t\t\t\t\t\t<h2 class=\"sp-pcp-title\">\n\t\t\t\t\t\t\t\t\t<a href=\"https:\/\/cotmec.ch\/?p=4699\"  target=\"_self\">La compensation carbone: un leurre<\/a>\t\t\t\t\t\t\t<\/h2>\n\t\t\t\t\t\t<div class=\"sp-pcp-post-content\">\n\t\t\t<p>\u00ab\u202fPour chaque article achet\u00e9, nous plantons un arbre.\u202f\u00bb De telles promesses de compensation carbone laissent entendre que nous pouvons retirer le CO2 \u00e9mis dans l\u2019atmosph\u00e8re. On parviendrait ainsi \u00e0 un \u00e9quilibre et on atteindrait l\u2019objectif de \u00ab\u202fz\u00e9ro \u00e9mission nette\u202f\u00bb de <a href=\"https:\/\/cotmec.ch\/?p=4699\" class=\"read-more\">Lire plus ...<\/a><\/p>\n\t\t<\/div>\n\t\t\t\t\t\t\t\t<\/div>\n\t\t\t\t<\/div>\n\t\t\t<\/div>\n\t\t<\/div>\n\t\t\t\t\t<\/div>\n\t\t\t\t\t\t<div class=\"pcp-pagination swiper-pagination dots\"><\/div>\n\t\t\t\t\t\t\t\t\t\t<div class=\"pcp-button-next swiper-button-next bottom_center\"><i class=\"fa fa-angle-right\"><\/i><\/div>\n\t\t\t\t<div class=\"pcp-button-prev swiper-button-prev bottom_center\"><i class=\"fa fa-angle-left\"><\/i><\/div>\t<\/div>\n<\/div>\n\r\n\r\n<div class=\"wp-block-buttons is-content-justification-center is-layout-flex wp-container-core-buttons-is-layout-1 wp-block-buttons-is-layout-flex\">\r\n<div class=\"wp-block-button has-custom-font-size is-style-fill has-normal-font-size\"><a class=\"wp-block-button__link has-white-color has-yellow-background-color has-text-color has-background has-link-color wp-element-button\" style=\"border-radius: 18px;\" href=\"https:\/\/cotmec.ch\/?page_id=4828\">Tous les articles<\/a><\/div>\r\n<\/div>\r\n\r\n\r\n\r\n<div class=\"wp-block-spacer\" style=\"height: 89px;\" aria-hidden=\"true\">\u00a0<\/div>\r\n","protected":false},"excerpt":{"rendered":"","protected":false},"author":5,"featured_media":0,"parent":0,"menu_order":0,"comment_status":"closed","ping_status":"closed","template":"","meta":{"footnotes":""},"class_list":["post-4815","page","type-page","status-publish","hentry"],"_links":{"self":[{"href":"https:\/\/cotmec.ch\/index.php?rest_route=\/wp\/v2\/pages\/4815"}],"collection":[{"href":"https:\/\/cotmec.ch\/index.php?rest_route=\/wp\/v2\/pages"}],"about":[{"href":"https:\/\/cotmec.ch\/index.php?rest_route=\/wp\/v2\/types\/page"}],"author":[{"embeddable":true,"href":"https:\/\/cotmec.ch\/index.php?rest_route=\/wp\/v2\/users\/5"}],"replies":[{"embeddable":true,"href":"https:\/\/cotmec.ch\/index.php?rest_route=%2Fwp%2Fv2%2Fcomments&post=4815"}],"version-history":[{"count":9,"href":"https:\/\/cotmec.ch\/index.php?rest_route=\/wp\/v2\/pages\/4815\/revisions"}],"predecessor-version":[{"id":4841,"href":"https:\/\/cotmec.ch\/index.php?rest_route=\/wp\/v2\/pages\/4815\/revisions\/4841"}],"wp:attachment":[{"href":"https:\/\/cotmec.ch\/index.php?rest_route=%2Fwp%2Fv2%2Fmedia&parent=4815"}],"curies":[{"name":"wp","href":"https:\/\/api.w.org\/{rel}","templated":true}]}}