{"id":66,"date":"2012-10-22T12:00:56","date_gmt":"2012-10-22T10:00:56","guid":{"rendered":"http:\/\/cotmec.wordpress.com\/?page_id=66"},"modified":"2023-03-24T09:53:06","modified_gmt":"2023-03-24T07:53:06","slug":"campagne-oecumenique","status":"publish","type":"page","link":"https:\/\/cotmec.ch\/?page_id=66","title":{"rendered":"Campagne oecum\u00e9nique"},"content":{"rendered":"<p><big><small>La Cotmec est un relais de la Campagne \u0153cum\u00e9nique de Car\u00eame, men\u00e9e chaque ann\u00e9e par les trois organisations d&rsquo;entraide des Eglises: Action de Car\u00eame, Pain pour le Prochain et \u00catre partenaire. Dans les pays du Sud et en Suisse, elles soutiennent des partenaires qui agissent en faveur des plus d\u00e9munis, en faveur de la justice et de la paix, autant de pr\u00e9occupations en lien avec le mandat de la Cotmec.<\/small><\/big><\/p>\n<p><a href=\"https:\/\/cotmec.ch\/wp-content\/uploads\/2018\/07\/PPP-ADC-2018.jpg\"><img loading=\"lazy\" decoding=\"async\" class=\"alignnone size-full wp-image-1846\" src=\"https:\/\/cotmec.ch\/wp-content\/uploads\/2018\/07\/PPP-ADC-2018.jpg\" alt=\"\" width=\"832\" height=\"1080\" srcset=\"https:\/\/cotmec.ch\/wp-content\/uploads\/2018\/07\/PPP-ADC-2018.jpg 832w, https:\/\/cotmec.ch\/wp-content\/uploads\/2018\/07\/PPP-ADC-2018-231x300.jpg 231w, https:\/\/cotmec.ch\/wp-content\/uploads\/2018\/07\/PPP-ADC-2018-768x997.jpg 768w, https:\/\/cotmec.ch\/wp-content\/uploads\/2018\/07\/PPP-ADC-2018-789x1024.jpg 789w\" sizes=\"(max-width: 832px) 100vw, 832px\" \/><\/a><\/p>\n<p>Pour plus d\u2019information et commande de mat\u00e9riel\u00a0: <a href=\"http:\/\/www.voir-et-agir.ch\">www.voir-et-agir.ch<\/a><\/p>\n","protected":false},"excerpt":{"rendered":"<p>La Cotmec est un relais de la Campagne \u0153cum\u00e9nique de Car\u00eame, men\u00e9e chaque ann\u00e9e par les trois organisations d&rsquo;entraide des Eglises: Action de Car\u00eame, Pain pour le Prochain et \u00catre partenaire. Dans les pays du Sud et en Suisse, elles <a href=\"https:\/\/cotmec.ch\/?page_id=66\" class=\"read-more\">Lire plus &#8230;<\/a><\/p>\n","protected":false},"author":1,"featured_media":0,"parent":13,"menu_order":5,"comment_status":"closed","ping_status":"open","template":"","meta":{"footnotes":""},"class_list":["post-66","page","type-page","status-publish","hentry"],"_links":{"self":[{"href":"https:\/\/cotmec.ch\/index.php?rest_route=\/wp\/v2\/pages\/66"}],"collection":[{"href":"https:\/\/cotmec.ch\/index.php?rest_route=\/wp\/v2\/pages"}],"about":[{"href":"https:\/\/cotmec.ch\/index.php?rest_route=\/wp\/v2\/types\/page"}],"author":[{"embeddable":true,"href":"https:\/\/cotmec.ch\/index.php?rest_route=\/wp\/v2\/users\/1"}],"replies":[{"embeddable":true,"href":"https:\/\/cotmec.ch\/index.php?rest_route=%2Fwp%2Fv2%2Fcomments&post=66"}],"version-history":[{"count":17,"href":"https:\/\/cotmec.ch\/index.php?rest_route=\/wp\/v2\/pages\/66\/revisions"}],"predecessor-version":[{"id":3838,"href":"https:\/\/cotmec.ch\/index.php?rest_route=\/wp\/v2\/pages\/66\/revisions\/3838"}],"up":[{"embeddable":true,"href":"https:\/\/cotmec.ch\/index.php?rest_route=\/wp\/v2\/pages\/13"}],"wp:attachment":[{"href":"https:\/\/cotmec.ch\/index.php?rest_route=%2Fwp%2Fv2%2Fmedia&parent=66"}],"curies":[{"name":"wp","href":"https:\/\/api.w.org\/{rel}","templated":true}]}}