{"id":68,"date":"2023-03-23T15:01:29","date_gmt":"2023-03-23T13:01:29","guid":{"rendered":"http:\/\/cotmec.wordpress.com\/?page_id=68"},"modified":"2025-07-02T15:05:51","modified_gmt":"2025-07-02T13:05:51","slug":"notre-journal","status":"publish","type":"page","link":"https:\/\/cotmec.ch\/?page_id=68","title":{"rendered":"COTMEC info  \u00ab\u00a0feuille jaune\u00a0\u00bb 1977-2014"},"content":{"rendered":"<h2><a href=\"https:\/\/cotmec.ch\/wp-content\/uploads\/2018\/07\/Feuille-jaune-4.jpg\"><img loading=\"lazy\" decoding=\"async\" class=\"alignnone wp-image-1839 size-full\" src=\"https:\/\/cotmec.ch\/wp-content\/uploads\/2018\/07\/Feuille-jaune-4.jpg\" alt=\"\" width=\"1477\" height=\"1080\" srcset=\"https:\/\/cotmec.ch\/wp-content\/uploads\/2018\/07\/Feuille-jaune-4.jpg 1477w, https:\/\/cotmec.ch\/wp-content\/uploads\/2018\/07\/Feuille-jaune-4-300x219.jpg 300w, https:\/\/cotmec.ch\/wp-content\/uploads\/2018\/07\/Feuille-jaune-4-768x562.jpg 768w, https:\/\/cotmec.ch\/wp-content\/uploads\/2018\/07\/Feuille-jaune-4-1024x749.jpg 1024w\" sizes=\"(max-width: 1477px) 100vw, 1477px\" \/><\/a><\/h2>\n<h2><b>A propos du bulletin de la COTMEC<\/b><\/h2>\n<h2>COTMEC-Info<\/h2>\n<p>&nbsp;<\/p>\n<h3>Tel \u00e9tait le titre du bulletin de la Commission Tiers-Monde de l&rsquo;Eglise catholique (COTMEC) dont le premier num\u00e9ro parut en 1977.<\/h3>\n<h3>Dit famili\u00e8rement \u00ab\u00a0feuille jaune\u00a0\u00bb, il fut un instrument pr\u00e9cieux et efficace de diffusion d&rsquo;informations, de reportages et confrontations d&rsquo;id\u00e9es pas toujours en ligne avec la pens\u00e9e dominante.<\/h3>\n<h3>Il relayait la voix de la soci\u00e9t\u00e9 civile du Sud, soulignait les injustices marquant les relations Nord\/Sud mais \u00e9galement les enjeux du Nord, b\u00e2tissant ainsi un pont entre les cultures, dans la mesure de ses moyens limit\u00e9s, gr\u00e2ce \u00e0 une \u00e9quipe \u2013 en partie b\u00e9n\u00e9vole \u2013 fortement motiv\u00e9e.<\/h3>\n<h3>Justice, \u00e9quit\u00e9 et partage sont les valeurs essentielles que le Bulletin a port\u00e9es \u00e0 raison de dix num\u00e9ros annuels pendant plus de 30 ans. Suite \u00e0 la r\u00e9vocation du mandat de la Cotmec intervenu \u00e0 fin d\u00e9cembre 2013, le dernier num\u00e9ro, soit le num\u00e9ro 353, est sorti en novembre 2014.<\/h3>\n<h3>Il est regrett\u00e9 par des centaines d&rsquo;abonn\u00e9s fid\u00e8les qui souhaitent voir, un jour, un \u00ab\u00a0petit fr\u00e8re\u00a0\u00bb lui succ\u00e9der.<\/h3>\n<h3>C&rsquo;est fait: en d\u00e9cembre 2022 le e-cotmec-info a vu le jour &#8230; \u00e0 trouver dans nos publications sous \u00ab\u00a0e-cotmec-info\u00a0\u00bb.<\/h3>\n<h3>Collection du COTMEC-Info &#8211; feuille jaune<\/h3>\n<h3>Tous les num\u00e9ros du COTMEC-Info sont d\u00e9sormais disponibles ici, dans un format (OCR) qui facilite la recherche par mots cl\u00e9s. Bonne lecture !<\/h3>\n<p><a href=\"https:\/\/cotmec.ch\/wp-content\/uploads\/2012\/10\/cotmec-info_353_2014_v2.pdf\" target=\"_blank\" rel=\"noopener\">COTMEC-Info n\u00b0 353 novembre 2014<\/a><\/p>\n<p><a href=\"https:\/\/cotmec.ch\/wp-content\/uploads\/2012\/10\/cotmec-info_352_2014_v3.pdf\" target=\"_blank\" rel=\"noopener\">COTMEC-Info n\u00b0 352 juin 2014<\/a><\/p>\n<p><a href=\"https:\/\/cotmec.ch\/wp-content\/uploads\/2012\/10\/cotmec-info_351_AvrilMai_14_v4.pdf\" target=\"_blank\" rel=\"noopener\">COTMEC-Info n\u00b0 351 Avril-mai 2014<\/a><\/p>\n<p><a href=\"https:\/\/cotmec.ch\/wp-content\/uploads\/2012\/10\/cotmec-info_350_Mars_14_A4.pdf\" target=\"_blank\" rel=\"noopener\">COTMEC-Info n\u00b0 350 mars 2014<\/a><\/p>\n<p><a href=\"https:\/\/cotmec.ch\/wp-content\/uploads\/2023\/03\/COTMEC_info_n_349.pdf\" target=\"_blank\" rel=\"noopener\">COTMEC-Info n\u00b0 349 janvier F\u00e9vrier 2014<\/a><\/p>\n<p><a href=\"https:\/\/cotmec.ch\/wp-content\/uploads\/2023\/03\/COTMEC_info_2013.pdf\" target=\"_blank\" rel=\"noopener\">COTMEC-Info 2013<\/a><\/p>\n<p><a href=\"https:\/\/cotmec.ch\/wp-content\/uploads\/2023\/03\/COTMEC_info_2012.pdf\" target=\"_blank\" rel=\"noopener\">COTMEC-Info 2012<\/a><\/p>\n<p><a href=\"https:\/\/cotmec.ch\/wp-content\/uploads\/2023\/03\/COTMEC_info_2011.pdf\" target=\"_blank\" rel=\"noopener\">COTMEC-Info 2011<\/a><\/p>\n<p><a href=\"https:\/\/cotmec.ch\/wp-content\/uploads\/2023\/03\/COTMEC_info_2010.pdf\">COTMEC-Info 2010<\/a><\/p>\n<p><a href=\"https:\/\/cotmec.ch\/wp-content\/uploads\/2023\/03\/COTMEC_info_2009.pdf\" target=\"_blank\" rel=\"noopener\">COTMEC-Info 2009<\/a><\/p>\n<p><a href=\"https:\/\/cotmec.ch\/wp-content\/uploads\/2023\/03\/COTMEC_info_2008.pdf\" target=\"_blank\" rel=\"noopener\">COTMEC-Info 2008<\/a><\/p>\n<p><a href=\"https:\/\/cotmec.ch\/wp-content\/uploads\/2023\/03\/COTMEC_info_2007.pdf\" target=\"_blank\" rel=\"noopener\">COTMEC-Info 2007<\/a><\/p>\n<p><a href=\"https:\/\/cotmec.ch\/wp-content\/uploads\/2023\/03\/COTMEC_info_2006.pdf\" target=\"_blank\" rel=\"noopener\">COTMEC-Info 2006<\/a><\/p>\n<p><a href=\"https:\/\/cotmec.ch\/wp-content\/uploads\/2023\/03\/COTMEC_info_2005.pdf\" target=\"_blank\" rel=\"noopener\">COTMEC-Info 2005<\/a><\/p>\n<p><a href=\"https:\/\/cotmec.ch\/wp-content\/uploads\/2023\/03\/COTMEC_info_2004.pdf\" target=\"_blank\" rel=\"noopener\">COTMEC-Info 2004<\/a><\/p>\n<p><a href=\"https:\/\/cotmec.ch\/wp-content\/uploads\/2023\/03\/COTMEC_info_2003.pdf\" target=\"_blank\" rel=\"noopener\">COTMEC-Info 2003<\/a><\/p>\n<p><a href=\"https:\/\/cotmec.ch\/wp-content\/uploads\/2023\/03\/COTMEC_info_2002.pdf\" target=\"_blank\" rel=\"noopener\">COTMEC-Info 2002<\/a><\/p>\n<p><a href=\"https:\/\/cotmec.ch\/wp-content\/uploads\/2023\/03\/COTMEC_info_2001.pdf\" target=\"_blank\" rel=\"noopener\">COTMEC-Info 2001<\/a><\/p>\n<p><a href=\"https:\/\/cotmec.ch\/wp-content\/uploads\/2023\/03\/COTMEC-info-2000.pdf\" target=\"_blank\" rel=\"noopener\">COTMEC-Info 2000<\/a><\/p>\n<p><a href=\"https:\/\/cotmec.ch\/wp-content\/uploads\/2023\/03\/COTMEC-info-1999.pdf\" target=\"_blank\" rel=\"noopener\">COTMEC-Info 1999<\/a><\/p>\n<p><a href=\"https:\/\/cotmec.ch\/wp-content\/uploads\/2023\/03\/COTMEC-info-1998.pdf\" target=\"_blank\" rel=\"noopener\">COTMEC-Info 1998<\/a><\/p>\n<p><a href=\"https:\/\/cotmec.ch\/wp-content\/uploads\/2023\/03\/COTMEC-info-1997.pdf\" target=\"_blank\" rel=\"noopener\">COTMEC-Info 1997<\/a><\/p>\n<p><a href=\"https:\/\/cotmec.ch\/wp-content\/uploads\/2023\/03\/COTMEC-info-1996.pdf\" target=\"_blank\" rel=\"noopener\">COTMEC-Info 1996<\/a><\/p>\n<p><a href=\"https:\/\/cotmec.ch\/wp-content\/uploads\/2023\/03\/COTMEC-info-1995.pdf\" target=\"_blank\" rel=\"noopener\">COTMEC-Info 1995<\/a><\/p>\n<p><a href=\"https:\/\/cotmec.ch\/wp-content\/uploads\/2023\/03\/COTMEC-info-1994.pdf\" target=\"_blank\" rel=\"noopener\">COTMEC-Info 1994<\/a><\/p>\n<p><a href=\"https:\/\/cotmec.ch\/wp-content\/uploads\/2023\/03\/COTMEC-info-1993.pdf\" target=\"_blank\" rel=\"noopener\">COTMEC-Info 1993<\/a><\/p>\n<p><a href=\"https:\/\/cotmec.ch\/wp-content\/uploads\/2023\/03\/COTMEC-info-1992.pdf\" target=\"_blank\" rel=\"noopener\">COTMEC-Info 1992<\/a><\/p>\n<p><a href=\"https:\/\/cotmec.ch\/wp-content\/uploads\/2023\/03\/COTMEC-info-1991.pdf\" target=\"_blank\" rel=\"noopener\">COTMEC-Info 1991<\/a><\/p>\n<p><a href=\"https:\/\/cotmec.ch\/wp-content\/uploads\/2017\/06\/COTMEC-lnfo-1990.pdf\" target=\"_blank\" rel=\"noopener\">COTMEC-Info 1990<\/a><\/p>\n<p><a href=\"https:\/\/cotmec.ch\/wp-content\/uploads\/2017\/06\/COTMEC-lnfo-1989.pdf\">COTMEC-Info 1989<\/a><\/p>\n<p><a href=\"https:\/\/cotmec.ch\/wp-content\/uploads\/2017\/06\/COTMEC-lnfo-1988.pdf\" target=\"_blank\" rel=\"noopener\">COTMEC-Info 1988<\/a><\/p>\n<p><a href=\"https:\/\/cotmec.ch\/wp-content\/uploads\/2017\/06\/COTMEC-lnfo-1987.pdf\">COTMEC-Info 1987<\/a><\/p>\n<p><a href=\"https:\/\/cotmec.ch\/wp-content\/uploads\/2017\/06\/COTMEC-lnfo-1986.pdf\" target=\"_blank\" rel=\"noopener\">COTMEC-Info 1986<\/a><\/p>\n<p><a href=\"https:\/\/cotmec.ch\/wp-content\/uploads\/2017\/06\/COTMEC-lnfo-1985.pdf\" target=\"_blank\" rel=\"noopener\">COTMEC-Info 1985<\/a><\/p>\n<p><a href=\"https:\/\/cotmec.ch\/wp-content\/uploads\/2017\/06\/COTMEC-lnfo-1984.pdf\" target=\"_blank\" rel=\"noopener\">COTMEC-Info 1984<\/a><\/p>\n<p><a href=\"https:\/\/cotmec.ch\/wp-content\/uploads\/2017\/06\/COTMEC-lnfo-1983.pdf\" target=\"_blank\" rel=\"noopener\">COTMEC-Info 1983<\/a><\/p>\n<p><a href=\"https:\/\/cotmec.ch\/wp-content\/uploads\/2017\/06\/COTMEC-lnfo-1982.pdf\" target=\"_blank\" rel=\"noopener\">COTMEC-Info 1982<\/a><\/p>\n<p><a href=\"https:\/\/cotmec.ch\/wp-content\/uploads\/2017\/06\/COTMEC-lnfo-1981.pdf\" target=\"_blank\" rel=\"noopener\">COTMEC-Info 1981<\/a><\/p>\n<p><a href=\"https:\/\/cotmec.ch\/wp-content\/uploads\/2017\/06\/COTMEC-lnfo-1980.pdf\" target=\"_blank\" rel=\"noopener\">COTMEC-Info 1980<\/a><\/p>\n<p><a href=\"https:\/\/cotmec.ch\/wp-content\/uploads\/2017\/06\/COTMEC-lnfo-1979.pdf\">COTMEC-Info 1979<\/a><\/p>\n<p><a href=\"https:\/\/cotmec.ch\/wp-content\/uploads\/2017\/06\/COTMEC-lnfo-1978.pdf\" target=\"_blank\" rel=\"noopener\">COTMEC-Info 1978<\/a><\/p>\n<p><a href=\"https:\/\/cotmec.ch\/wp-content\/uploads\/2017\/06\/COTMEC-lnfo-1977.pdf\" target=\"_blank\" rel=\"noopener\">COTMEC-Info 1977<\/a><\/p>\n<h3><\/h3>\n","protected":false},"excerpt":{"rendered":"<p>A propos du bulletin de la COTMEC COTMEC-Info &nbsp; Tel \u00e9tait le titre du bulletin de la Commission Tiers-Monde de l&rsquo;Eglise catholique (COTMEC) dont le premier num\u00e9ro parut en 1977. Dit famili\u00e8rement \u00ab\u00a0feuille jaune\u00a0\u00bb, il fut un instrument pr\u00e9cieux et <a href=\"https:\/\/cotmec.ch\/?page_id=68\" class=\"read-more\">Lire plus &#8230;<\/a><\/p>\n","protected":false},"author":1,"featured_media":0,"parent":15,"menu_order":3,"comment_status":"closed","ping_status":"open","template":"","meta":{"footnotes":""},"class_list":["post-68","page","type-page","status-publish","hentry"],"_links":{"self":[{"href":"https:\/\/cotmec.ch\/index.php?rest_route=\/wp\/v2\/pages\/68"}],"collection":[{"href":"https:\/\/cotmec.ch\/index.php?rest_route=\/wp\/v2\/pages"}],"about":[{"href":"https:\/\/cotmec.ch\/index.php?rest_route=\/wp\/v2\/types\/page"}],"author":[{"embeddable":true,"href":"https:\/\/cotmec.ch\/index.php?rest_route=\/wp\/v2\/users\/1"}],"replies":[{"embeddable":true,"href":"https:\/\/cotmec.ch\/index.php?rest_route=%2Fwp%2Fv2%2Fcomments&post=68"}],"version-history":[{"count":45,"href":"https:\/\/cotmec.ch\/index.php?rest_route=\/wp\/v2\/pages\/68\/revisions"}],"predecessor-version":[{"id":5002,"href":"https:\/\/cotmec.ch\/index.php?rest_route=\/wp\/v2\/pages\/68\/revisions\/5002"}],"up":[{"embeddable":true,"href":"https:\/\/cotmec.ch\/index.php?rest_route=\/wp\/v2\/pages\/15"}],"wp:attachment":[{"href":"https:\/\/cotmec.ch\/index.php?rest_route=%2Fwp%2Fv2%2Fmedia&parent=68"}],"curies":[{"name":"wp","href":"https:\/\/api.w.org\/{rel}","templated":true}]}}